{"id":7192,"date":"2026-04-19T21:50:28","date_gmt":"2026-04-19T19:50:28","guid":{"rendered":"http:\/\/www.b-techsolutions.at\/?page_id=7192"},"modified":"2026-04-23T14:40:10","modified_gmt":"2026-04-23T12:40:10","slug":"service-wartungsarbeiten","status":"publish","type":"page","link":"https:\/\/www.b-techsolutions.at\/?page_id=7192","title":{"rendered":"Service &amp; Wartungsarbeiten"},"content":{"rendered":"\n<div class=\"wp-block-group has-text-color has-link-color wp-elements-181b046e5fc15fa49418d33692305120 has-global-padding is-layout-constrained wp-container-core-group-is-layout-3a820303 wp-block-group-is-layout-constrained\" style=\"color:#000000;padding-right:var(--wp--preset--spacing--small);padding-left:var(--wp--preset--spacing--small)\">\n<div class=\"wp-block-columns is-layout-flex wp-container-core-columns-is-layout-28f84493 wp-block-columns-is-layout-flex\">\n<div class=\"wp-block-column is-layout-flow wp-block-column-is-layout-flow\">\n<div style=\"height:155px\" aria-hidden=\"true\" class=\"wp-block-spacer\"><\/div>\n\n\n\n<h2 class=\"wp-block-heading has-text-align-center has-text-color has-link-color wp-elements-ba9da9d6908849a9420e684afa829d65\" style=\"color:#1b1448\">Service &amp; Wartungsarbeiten<\/h2>\n\n\n\n<div style=\"height:48px\" aria-hidden=\"true\" class=\"wp-block-spacer\"><\/div>\n<\/div>\n<\/div>\n<\/div>\n\n\n\n<div class=\"wp-block-group has-text-color has-background has-link-color wp-elements-c0ea22cd88daee2f4a13cc56e31c5ef2 has-global-padding is-layout-constrained wp-block-group-is-layout-constrained\" style=\"color:#000000;background-color:#ebebeb;padding-top:var(--wp--preset--spacing--small);padding-bottom:var(--wp--preset--spacing--small)\">\n<div class=\"wp-block-columns is-layout-flex wp-container-core-columns-is-layout-28f84493 wp-block-columns-is-layout-flex\">\n<div class=\"wp-block-column is-layout-flow wp-block-column-is-layout-flow\">\n<p class=\"has-text-color has-link-color has-huge-font-size wp-elements-57a899eb2e9c92914114b7d45616979a\" style=\"color:#1b1448\">1<\/p>\n\n\n\n<p class=\"has-text-color has-link-color wp-elements-f134474d1963e4848aef77ba11210678\" style=\"color:#1b1448\">Ein stabiler und effizienter Anlagenbetrieb erfordert regelm\u00e4\u00dfige Kontrollen sowie eine schnelle Reaktion im St\u00f6rungsfall.<\/p>\n\n\n\n<p><\/p>\n<\/div>\n\n\n\n<div class=\"wp-block-column is-layout-flow wp-block-column-is-layout-flow\">\n<p class=\"has-text-color has-link-color has-huge-font-size wp-elements-e954c41ec767538195dc0ede30e6c7a1\" style=\"color:#1b1448\">2<\/p>\n\n\n\n<p class=\"has-text-color has-link-color wp-elements-3a46dc34442bf49704230eb974cf913c\" style=\"color:#1b1448\">Unser Service umfasst technische Betreuung und gezielte Wartungsma\u00dfnahmen, um Ausf\u00e4lle zu minimieren und die Anlagenverf\u00fcgbarkeit nachhaltig zu sichern.<\/p>\n\n\n\n<p><\/p>\n<\/div>\n\n\n\n<div class=\"wp-block-column is-layout-flow wp-block-column-is-layout-flow\">\n<p class=\"has-text-color has-link-color has-huge-font-size wp-elements-f4265368e74e0f29ad119793c3d1d150\" style=\"color:#1b1448\">3<\/p>\n\n\n\n<p class=\"has-text-color has-link-color wp-elements-0d2e379d50d87332882b05217320ab77\" style=\"color:#1b1448\">Durch eine vorausschauende Wartung stellen wir sicher, dass die Performance langfristig erhalten bleibt und potenzielle Probleme fr\u00fchzeitig erkannt werden.<\/p>\n\n\n\n<p><\/p>\n<\/div>\n<\/div>\n<\/div>\n\n\n\n<div style=\"height:46px\" aria-hidden=\"true\" class=\"wp-block-spacer\"><\/div>\n\n\n\n<div class=\"wp-block-group has-global-padding is-layout-constrained wp-block-group-is-layout-constrained\">\n<div data-wp-context=\"{ &quot;autoclose&quot;: false, &quot;accordionItems&quot;: [] }\" data-wp-interactive=\"core\/accordion\" role=\"group\" class=\"wp-block-accordion is-layout-flow wp-block-accordion-is-layout-flow\">\n<div data-wp-class--is-open=\"state.isOpen\" data-wp-context=\"{ &quot;id&quot;: &quot;accordion-item-1&quot;, &quot;openByDefault&quot;: false }\" data-wp-init=\"callbacks.initAccordionItems\" data-wp-on-window--hashchange=\"callbacks.hashChange\" class=\"wp-block-accordion-item is-layout-flow wp-block-accordion-item-is-layout-flow\">\n<h3 class=\"wp-block-accordion-heading has-text-color has-link-color wp-elements-c127389a52fc7b0989c0449f4a032ff5\" style=\"color:#1b1448\"><button aria-expanded=\"false\" aria-controls=\"accordion-item-1-panel\" data-wp-bind--aria-expanded=\"state.isOpen\" data-wp-on--click=\"actions.toggle\" data-wp-on--keydown=\"actions.handleKeyDown\" id=\"accordion-item-1\" type=\"button\" class=\"wp-block-accordion-heading__toggle\"><span class=\"wp-block-accordion-heading__toggle-title\"><strong><strong><strong>Leistungsumfang<\/strong><\/strong><\/strong><\/span><span class=\"wp-block-accordion-heading__toggle-icon\" aria-hidden=\"true\">+<\/span><\/button><\/h3>\n\n\n\n<div inert aria-labelledby=\"accordion-item-1\" data-wp-bind--inert=\"!state.isOpen\" id=\"accordion-item-1-panel\" role=\"region\" class=\"wp-block-accordion-panel is-layout-flow wp-block-accordion-panel-is-layout-flow\">\n<ul class=\"wp-block-list\">\n<li>Wartung von PV- und Energiesystemen&nbsp;&nbsp;<\/li>\n\n\n\n<li>Fehlerdiagnose und St\u00f6rungsbehebung&nbsp;&nbsp;<\/li>\n\n\n\n<li>Systemchecks und Optimierung&nbsp;&nbsp;<\/li>\n\n\n\n<li>Unterst\u00fctzung bei Betriebsproblemen&nbsp;&nbsp;<\/li>\n\n\n\n<li>Technische Betreuung im laufenden Betrieb&nbsp;&nbsp;&nbsp;<\/li>\n<\/ul>\n<\/div>\n<\/div>\n<\/div>\n<\/div>\n\n\n\n<p><\/p>\n","protected":false},"excerpt":{"rendered":"<p>Service &amp; Wartungsarbeiten 1 Ein stabiler und effizienter Anlagenbetrieb erfordert regelm\u00e4\u00dfige Kontrollen sowie eine schnelle Reaktion im St\u00f6rungsfall. 2 Unser Service umfasst technische Betreuung und gezielte Wartungsma\u00dfnahmen, um Ausf\u00e4lle zu minimieren und die Anlagenverf\u00fcgbarkeit nachhaltig zu sichern. 3 Durch eine vorausschauende Wartung stellen wir sicher, dass die Performance langfristig erhalten bleibt und potenzielle Probleme fr\u00fchzeitig &hellip; <\/p>\n<p class=\"link-more\"><a href=\"https:\/\/www.b-techsolutions.at\/?page_id=7192\" class=\"more-link\">Mehr <span class=\"screen-reader-text\">\u00fcber &#8222;Service &amp; Wartungsarbeiten&#8220; <\/span>Lesen<\/a><\/p>\n","protected":false},"author":1,"featured_media":0,"parent":0,"menu_order":0,"comment_status":"closed","ping_status":"closed","template":"page-templates\/full-width-no-title.php","meta":{"_themeisle_gutenberg_block_has_review":false,"inspiro_hide_title":false,"footnotes":""},"class_list":["post-7192","page","type-page","status-publish","hentry"],"featured_media_urls":[],"_links":{"self":[{"href":"https:\/\/www.b-techsolutions.at\/index.php?rest_route=\/wp\/v2\/pages\/7192","targetHints":{"allow":["GET"]}}],"collection":[{"href":"https:\/\/www.b-techsolutions.at\/index.php?rest_route=\/wp\/v2\/pages"}],"about":[{"href":"https:\/\/www.b-techsolutions.at\/index.php?rest_route=\/wp\/v2\/types\/page"}],"author":[{"embeddable":true,"href":"https:\/\/www.b-techsolutions.at\/index.php?rest_route=\/wp\/v2\/users\/1"}],"replies":[{"embeddable":true,"href":"https:\/\/www.b-techsolutions.at\/index.php?rest_route=%2Fwp%2Fv2%2Fcomments&post=7192"}],"version-history":[{"count":4,"href":"https:\/\/www.b-techsolutions.at\/index.php?rest_route=\/wp\/v2\/pages\/7192\/revisions"}],"predecessor-version":[{"id":7280,"href":"https:\/\/www.b-techsolutions.at\/index.php?rest_route=\/wp\/v2\/pages\/7192\/revisions\/7280"}],"wp:attachment":[{"href":"https:\/\/www.b-techsolutions.at\/index.php?rest_route=%2Fwp%2Fv2%2Fmedia&parent=7192"}],"curies":[{"name":"wp","href":"https:\/\/api.w.org\/{rel}","templated":true}]}}