{"id":7190,"date":"2026-04-19T21:45:23","date_gmt":"2026-04-19T19:45:23","guid":{"rendered":"http:\/\/www.b-techsolutions.at\/?page_id=7190"},"modified":"2026-04-23T14:38:03","modified_gmt":"2026-04-23T12:38:03","slug":"technische-gutachten-abnahmen","status":"publish","type":"page","link":"https:\/\/www.b-techsolutions.at\/?page_id=7190","title":{"rendered":"Technische Gutachten &amp; Abnahmen"},"content":{"rendered":"\n<div class=\"wp-block-group has-text-color has-link-color wp-elements-533bff56240784e944ee3193026d7504 has-global-padding is-layout-constrained wp-container-core-group-is-layout-3a820303 wp-block-group-is-layout-constrained\" style=\"color:#000000;padding-right:var(--wp--preset--spacing--small);padding-left:var(--wp--preset--spacing--small)\">\n<div class=\"wp-block-columns is-layout-flex wp-container-core-columns-is-layout-28f84493 wp-block-columns-is-layout-flex\">\n<div class=\"wp-block-column is-layout-flow wp-block-column-is-layout-flow\">\n<div style=\"height:155px\" aria-hidden=\"true\" class=\"wp-block-spacer\"><\/div>\n\n\n\n<h2 class=\"wp-block-heading has-text-align-center has-text-color has-link-color wp-elements-49ad2180f5202b17eaa9217bd8e9c7bd\" style=\"color:#1b1448\">Technische Gutachten &amp; Abnahmen (PV, BESS &amp; Energiesysteme)<\/h2>\n\n\n\n<div style=\"height:48px\" aria-hidden=\"true\" class=\"wp-block-spacer\"><\/div>\n<\/div>\n<\/div>\n<\/div>\n\n\n\n<div class=\"wp-block-group has-text-color has-background has-link-color wp-elements-50b8257a6a27722e3e663ee3b0d173d0 has-global-padding is-layout-constrained wp-block-group-is-layout-constrained\" style=\"color:#000000;background-color:#ebebeb;padding-top:var(--wp--preset--spacing--small);padding-bottom:var(--wp--preset--spacing--small)\">\n<div class=\"wp-block-columns is-layout-flex wp-container-core-columns-is-layout-28f84493 wp-block-columns-is-layout-flex\">\n<div class=\"wp-block-column is-layout-flow wp-block-column-is-layout-flow\">\n<p class=\"has-text-color has-link-color has-huge-font-size wp-elements-57a899eb2e9c92914114b7d45616979a\" style=\"color:#1b1448\">1<\/p>\n\n\n\n<p class=\"has-text-color has-link-color wp-elements-c434c5da8ab7b47bbadf51f41f063dc7\" style=\"color:#1b1448\">Wir erstellen unabh\u00e4ngige technische Gutachten f\u00fcr Photovoltaik-, Batteriespeicher- und Energiesysteme sowie normgerechte Abnahmepr\u00fcfungen gem\u00e4\u00df \u00d6VE\/\u00d6NORM.<\/p>\n\n\n\n<p><\/p>\n<\/div>\n\n\n\n<div class=\"wp-block-column is-layout-flow wp-block-column-is-layout-flow\">\n<p class=\"has-text-color has-link-color has-huge-font-size wp-elements-e954c41ec767538195dc0ede30e6c7a1\" style=\"color:#1b1448\">2<\/p>\n\n\n\n<p class=\"has-text-color has-link-color wp-elements-b88746a5992117c312782939654a7470\" style=\"color:#1b1448\">Im Mittelpunkt steht dabei die umfassende Bewertung von Anlagen hinsichtlich Sicherheit, Funktionalit\u00e4t, Qualit\u00e4t und Leistungsf\u00e4higkeit \u2013 als verl\u00e4ssliche Grundlage f\u00fcr Abnahme, Betrieb und Investitionsentscheidungen.<\/p>\n\n\n\n<p><\/p>\n<\/div>\n<\/div>\n<\/div>\n\n\n\n<div style=\"height:46px\" aria-hidden=\"true\" class=\"wp-block-spacer\"><\/div>\n\n\n\n<p class=\"has-text-align-center has-text-color has-link-color wp-elements-092243e308bc6ad908d32b3f0c2bd365\" style=\"color:#1b1448;font-size:clamp(18.959px, 1.185rem + ((1vw - 3.2px) * 0.977), 30px);\"><strong>Leistungsumfang<\/strong> <strong>Gutachten &amp; Abnahmen<\/strong><\/p>\n\n\n\n<div class=\"wp-block-group has-global-padding is-layout-constrained wp-block-group-is-layout-constrained\">\n<div data-wp-context=\"{ &quot;autoclose&quot;: false, &quot;accordionItems&quot;: [] }\" data-wp-interactive=\"core\/accordion\" role=\"group\" class=\"wp-block-accordion is-layout-flow wp-block-accordion-is-layout-flow\">\n<div data-wp-class--is-open=\"state.isOpen\" data-wp-context=\"{ &quot;id&quot;: &quot;accordion-item-1&quot;, &quot;openByDefault&quot;: false }\" data-wp-init=\"callbacks.initAccordionItems\" data-wp-on-window--hashchange=\"callbacks.hashChange\" class=\"wp-block-accordion-item is-layout-flow wp-block-accordion-item-is-layout-flow\">\n<h3 class=\"wp-block-accordion-heading has-text-color has-link-color wp-elements-89647fd7b0cec92aa612e0ddc2a49ab1\" style=\"color:#1b1448\"><button aria-expanded=\"false\" aria-controls=\"accordion-item-1-panel\" data-wp-bind--aria-expanded=\"state.isOpen\" data-wp-on--click=\"actions.toggle\" data-wp-on--keydown=\"actions.handleKeyDown\" id=\"accordion-item-1\" type=\"button\" class=\"wp-block-accordion-heading__toggle\"><span class=\"wp-block-accordion-heading__toggle-title\"><strong><strong><strong>Technische Gutachten f\u00fcr Energieanlagen<\/strong>&nbsp;<\/strong><\/strong><\/span><span class=\"wp-block-accordion-heading__toggle-icon\" aria-hidden=\"true\">+<\/span><\/button><\/h3>\n\n\n\n<div inert aria-labelledby=\"accordion-item-1\" data-wp-bind--inert=\"!state.isOpen\" id=\"accordion-item-1-panel\" role=\"region\" class=\"wp-block-accordion-panel is-layout-flow wp-block-accordion-panel-is-layout-flow\">\n<ul class=\"wp-block-list\">\n<li>Erstellung unabh\u00e4ngiger Gutachten f\u00fcr PV-, Speicher- und Energiesysteme&nbsp;&nbsp;<\/li>\n\n\n\n<li>Bewertung von Anlagenzustand, Ausf\u00fchrung und technischer Qualit\u00e4t&nbsp;&nbsp;<\/li>\n\n\n\n<li>Analyse von Ertrag, Performance und Betriebssicherheit&nbsp;&nbsp;<\/li>\n\n\n\n<li>Beurteilung der Normkonformit\u00e4t und F\u00f6rderf\u00e4higkeit&nbsp;&nbsp;<\/li>\n<\/ul>\n<\/div>\n<\/div>\n\n\n\n<div data-wp-class--is-open=\"state.isOpen\" data-wp-context=\"{ &quot;id&quot;: &quot;accordion-item-2&quot;, &quot;openByDefault&quot;: false }\" data-wp-init=\"callbacks.initAccordionItems\" data-wp-on-window--hashchange=\"callbacks.hashChange\" class=\"wp-block-accordion-item is-layout-flow wp-block-accordion-item-is-layout-flow\">\n<h3 class=\"wp-block-accordion-heading has-text-color has-link-color wp-elements-10b4749a76039ac908c6b9b5b485a8c7\" style=\"color:#1b1448\"><button aria-expanded=\"false\" aria-controls=\"accordion-item-2-panel\" data-wp-bind--aria-expanded=\"state.isOpen\" data-wp-on--click=\"actions.toggle\" data-wp-on--keydown=\"actions.handleKeyDown\" id=\"accordion-item-2\" type=\"button\" class=\"wp-block-accordion-heading__toggle\"><span class=\"wp-block-accordion-heading__toggle-title\"><strong><strong>Abnahmepr\u00fcfungen nach \u00d6VE\/\u00d6NORM<\/strong>&nbsp;<\/strong><\/span><span class=\"wp-block-accordion-heading__toggle-icon\" aria-hidden=\"true\">+<\/span><\/button><\/h3>\n\n\n\n<div inert aria-labelledby=\"accordion-item-2\" data-wp-bind--inert=\"!state.isOpen\" id=\"accordion-item-2-panel\" role=\"region\" class=\"wp-block-accordion-panel is-layout-flow wp-block-accordion-panel-is-layout-flow\">\n<ul class=\"wp-block-list\">\n<li>Durchf\u00fchrung normgerechter Abnahmepr\u00fcfungen&nbsp;&nbsp;<\/li>\n\n\n\n<li>\u00dcberpr\u00fcfung von Installation, Schutzkonzepten und Systemfunktion&nbsp;&nbsp;<\/li>\n\n\n\n<li>Kontrolle der Einhaltung technischer Vorgaben und Richtlinien&nbsp;&nbsp;<\/li>\n<\/ul>\n<\/div>\n<\/div>\n\n\n\n<div data-wp-class--is-open=\"state.isOpen\" data-wp-context=\"{ &quot;id&quot;: &quot;accordion-item-3&quot;, &quot;openByDefault&quot;: false }\" data-wp-init=\"callbacks.initAccordionItems\" data-wp-on-window--hashchange=\"callbacks.hashChange\" class=\"wp-block-accordion-item is-layout-flow wp-block-accordion-item-is-layout-flow\">\n<h3 class=\"wp-block-accordion-heading has-text-color has-link-color wp-elements-aacc120041c0eb313cb562f68dc61a1e\" style=\"color:#1b1448\"><button aria-expanded=\"false\" aria-controls=\"accordion-item-3-panel\" data-wp-bind--aria-expanded=\"state.isOpen\" data-wp-on--click=\"actions.toggle\" data-wp-on--keydown=\"actions.handleKeyDown\" id=\"accordion-item-3\" type=\"button\" class=\"wp-block-accordion-heading__toggle\"><span class=\"wp-block-accordion-heading__toggle-title\"><strong><strong><strong>Messungen &amp; Protokollierung<\/strong>&nbsp;<\/strong><\/strong><\/span><span class=\"wp-block-accordion-heading__toggle-icon\" aria-hidden=\"true\">+<\/span><\/button><\/h3>\n\n\n\n<div inert aria-labelledby=\"accordion-item-3\" data-wp-bind--inert=\"!state.isOpen\" id=\"accordion-item-3-panel\" role=\"region\" class=\"wp-block-accordion-panel is-layout-flow wp-block-accordion-panel-is-layout-flow\">\n<ul class=\"wp-block-list\">\n<li>Durchf\u00fchrung elektrischer und funktionaler Messungen&nbsp;&nbsp;<\/li>\n\n\n\n<li>Dokumentation aller Pr\u00fcfergebnisse&nbsp;&nbsp;<\/li>\n\n\n\n<li>Erstellung normgerechter Mess- und Pr\u00fcfprotokolle&nbsp;&nbsp;<\/li>\n<\/ul>\n<\/div>\n<\/div>\n\n\n\n<div data-wp-class--is-open=\"state.isOpen\" data-wp-context=\"{ &quot;id&quot;: &quot;accordion-item-4&quot;, &quot;openByDefault&quot;: false }\" data-wp-init=\"callbacks.initAccordionItems\" data-wp-on-window--hashchange=\"callbacks.hashChange\" class=\"wp-block-accordion-item is-layout-flow wp-block-accordion-item-is-layout-flow\">\n<h3 class=\"wp-block-accordion-heading has-text-color has-link-color wp-elements-3765a160bf28019f056571aedf440dea\" style=\"color:#1b1448\"><button aria-expanded=\"false\" aria-controls=\"accordion-item-4-panel\" data-wp-bind--aria-expanded=\"state.isOpen\" data-wp-on--click=\"actions.toggle\" data-wp-on--keydown=\"actions.handleKeyDown\" id=\"accordion-item-4\" type=\"button\" class=\"wp-block-accordion-heading__toggle\"><span class=\"wp-block-accordion-heading__toggle-title\"><strong><strong><strong><strong>M\u00e4ngelanalyse &amp; Dokumentation<\/strong>&nbsp;<\/strong><\/strong><\/strong><\/span><span class=\"wp-block-accordion-heading__toggle-icon\" aria-hidden=\"true\">+<\/span><\/button><\/h3>\n\n\n\n<div inert aria-labelledby=\"accordion-item-4\" data-wp-bind--inert=\"!state.isOpen\" id=\"accordion-item-4-panel\" role=\"region\" class=\"wp-block-accordion-panel is-layout-flow wp-block-accordion-panel-is-layout-flow\">\n<ul class=\"wp-block-list\">\n<li>Identifikation technischer M\u00e4ngel und Abweichungen&nbsp;&nbsp;<\/li>\n\n\n\n<li>Erstellung strukturierter M\u00e4ngellisten&nbsp;&nbsp;<\/li>\n\n\n\n<li>Priorisierung nach Risiko und Relevanz&nbsp;&nbsp;&nbsp;<\/li>\n<\/ul>\n<\/div>\n<\/div>\n\n\n\n<div data-wp-class--is-open=\"state.isOpen\" data-wp-context=\"{ &quot;id&quot;: &quot;accordion-item-5&quot;, &quot;openByDefault&quot;: false }\" data-wp-init=\"callbacks.initAccordionItems\" data-wp-on-window--hashchange=\"callbacks.hashChange\" class=\"wp-block-accordion-item is-layout-flow wp-block-accordion-item-is-layout-flow\">\n<h3 class=\"wp-block-accordion-heading has-text-color has-link-color wp-elements-a516f155aaf443e8c76a50274f74c932\" style=\"color:#1b1448\"><button aria-expanded=\"false\" aria-controls=\"accordion-item-5-panel\" data-wp-bind--aria-expanded=\"state.isOpen\" data-wp-on--click=\"actions.toggle\" data-wp-on--keydown=\"actions.handleKeyDown\" id=\"accordion-item-5\" type=\"button\" class=\"wp-block-accordion-heading__toggle\"><span class=\"wp-block-accordion-heading__toggle-title\"><strong><strong><strong><strong>Abnahmebegleitung &amp; Freigabe<\/strong>&nbsp;<\/strong><\/strong><\/strong><\/span><span class=\"wp-block-accordion-heading__toggle-icon\" aria-hidden=\"true\">+<\/span><\/button><\/h3>\n\n\n\n<div inert aria-labelledby=\"accordion-item-5\" data-wp-bind--inert=\"!state.isOpen\" id=\"accordion-item-5-panel\" role=\"region\" class=\"wp-block-accordion-panel is-layout-flow wp-block-accordion-panel-is-layout-flow\">\n<ul class=\"wp-block-list\">\n<li>Technische Begleitung bis zur finalen Abnahme&nbsp;&nbsp;<\/li>\n\n\n\n<li>Unterst\u00fctzung bei M\u00e4ngelbehebung&nbsp;&nbsp;<\/li>\n\n\n\n<li>Empfehlung zur Abnahmefreigabe&nbsp;&nbsp;&nbsp;<\/li>\n<\/ul>\n<\/div>\n<\/div>\n<\/div>\n<\/div>\n\n\n\n<p><\/p>\n","protected":false},"excerpt":{"rendered":"<p>Technische Gutachten &amp; Abnahmen (PV, BESS &amp; Energiesysteme) 1 Wir erstellen unabh\u00e4ngige technische Gutachten f\u00fcr Photovoltaik-, Batteriespeicher- und Energiesysteme sowie normgerechte Abnahmepr\u00fcfungen gem\u00e4\u00df \u00d6VE\/\u00d6NORM. 2 Im Mittelpunkt steht dabei die umfassende Bewertung von Anlagen hinsichtlich Sicherheit, Funktionalit\u00e4t, Qualit\u00e4t und Leistungsf\u00e4higkeit \u2013 als verl\u00e4ssliche Grundlage f\u00fcr Abnahme, Betrieb und Investitionsentscheidungen. Leistungsumfang Gutachten &amp; Abnahmen<\/p>\n","protected":false},"author":1,"featured_media":0,"parent":0,"menu_order":0,"comment_status":"closed","ping_status":"closed","template":"page-templates\/full-width-no-title.php","meta":{"_themeisle_gutenberg_block_has_review":false,"inspiro_hide_title":false,"footnotes":""},"class_list":["post-7190","page","type-page","status-publish","hentry"],"featured_media_urls":[],"_links":{"self":[{"href":"https:\/\/www.b-techsolutions.at\/index.php?rest_route=\/wp\/v2\/pages\/7190","targetHints":{"allow":["GET"]}}],"collection":[{"href":"https:\/\/www.b-techsolutions.at\/index.php?rest_route=\/wp\/v2\/pages"}],"about":[{"href":"https:\/\/www.b-techsolutions.at\/index.php?rest_route=\/wp\/v2\/types\/page"}],"author":[{"embeddable":true,"href":"https:\/\/www.b-techsolutions.at\/index.php?rest_route=\/wp\/v2\/users\/1"}],"replies":[{"embeddable":true,"href":"https:\/\/www.b-techsolutions.at\/index.php?rest_route=%2Fwp%2Fv2%2Fcomments&post=7190"}],"version-history":[{"count":3,"href":"https:\/\/www.b-techsolutions.at\/index.php?rest_route=\/wp\/v2\/pages\/7190\/revisions"}],"predecessor-version":[{"id":7279,"href":"https:\/\/www.b-techsolutions.at\/index.php?rest_route=\/wp\/v2\/pages\/7190\/revisions\/7279"}],"wp:attachment":[{"href":"https:\/\/www.b-techsolutions.at\/index.php?rest_route=%2Fwp%2Fv2%2Fmedia&parent=7190"}],"curies":[{"name":"wp","href":"https:\/\/api.w.org\/{rel}","templated":true}]}}