{"id":7187,"date":"2026-04-19T21:38:55","date_gmt":"2026-04-19T19:38:55","guid":{"rendered":"http:\/\/www.b-techsolutions.at\/?page_id=7187"},"modified":"2026-04-21T21:04:07","modified_gmt":"2026-04-21T19:04:07","slug":"technische-projektpruefung-due-diligence","status":"publish","type":"page","link":"https:\/\/www.b-techsolutions.at\/?page_id=7187","title":{"rendered":"Technische Projektpr\u00fcfung \/ Due Diligence"},"content":{"rendered":"\n<div class=\"wp-block-group has-text-color has-link-color wp-elements-ad501bb9666b79a254d9a861266e1178 has-global-padding is-layout-constrained wp-container-core-group-is-layout-3a820303 wp-block-group-is-layout-constrained\" style=\"color:#000000;padding-right:var(--wp--preset--spacing--small);padding-left:var(--wp--preset--spacing--small)\">\n<div class=\"wp-block-columns is-layout-flex wp-container-core-columns-is-layout-28f84493 wp-block-columns-is-layout-flex\">\n<div class=\"wp-block-column is-layout-flow wp-block-column-is-layout-flow\">\n<div style=\"height:155px\" aria-hidden=\"true\" class=\"wp-block-spacer\"><\/div>\n\n\n\n<h2 class=\"wp-block-heading has-text-align-center has-text-color has-link-color wp-elements-71ee82998b8c0876540a1a5ce218bdaf\" style=\"color:#1b1448\">Technische Projektpr\u00fcfung \/ Due Diligence (PV &amp; BESS)<\/h2>\n\n\n\n<div style=\"height:48px\" aria-hidden=\"true\" class=\"wp-block-spacer\"><\/div>\n<\/div>\n<\/div>\n<\/div>\n\n\n\n<div class=\"wp-block-group has-text-color has-background has-link-color wp-elements-795cc22b611afd5c1935556594e33125 has-global-padding is-layout-constrained wp-block-group-is-layout-constrained\" style=\"color:#000000;background-color:#ebebeb;padding-top:var(--wp--preset--spacing--small);padding-bottom:var(--wp--preset--spacing--small)\">\n<div class=\"wp-block-columns is-layout-flex wp-container-core-columns-is-layout-28f84493 wp-block-columns-is-layout-flex\">\n<div class=\"wp-block-column is-layout-flow wp-block-column-is-layout-flow\">\n<p class=\"has-text-color has-link-color has-huge-font-size wp-elements-57a899eb2e9c92914114b7d45616979a\" style=\"color:#1b1448\">1<\/p>\n\n\n\n<p class=\"has-text-color has-link-color wp-elements-378ccf2c712d6480a28a80dcac3ad44e\" style=\"color:#1b1448\">Wir f\u00fchren unabh\u00e4ngige technische Due Diligence Pr\u00fcfungen f\u00fcr Photovoltaik- und Batteriespeicherprojekte durch, zur Absicherung von Investitionen und zur fundierten Bewertung technischer Risiken.<\/p>\n\n\n\n<p><\/p>\n<\/div>\n\n\n\n<div class=\"wp-block-column is-layout-flow wp-block-column-is-layout-flow\">\n<p class=\"has-text-color has-link-color has-huge-font-size wp-elements-e954c41ec767538195dc0ede30e6c7a1\" style=\"color:#1b1448\">2<\/p>\n\n\n\n<p class=\"has-text-color has-link-color wp-elements-0e07ada0254f7aae985c63009e92191b\" style=\"color:#1b1448\">Unsere Analysen schaffen eine klare und nachvollziehbare Entscheidungsgrundlage f\u00fcr Investoren, Betreiber und Projektentwickler. von der detaillierten Projektbewertung bis zur Vergabeentscheidung.<\/p>\n\n\n\n<p><\/p>\n<\/div>\n<\/div>\n<\/div>\n\n\n\n<div style=\"height:46px\" aria-hidden=\"true\" class=\"wp-block-spacer\"><\/div>\n\n\n\n<p class=\"has-text-align-center has-text-color has-link-color wp-elements-fcfdde0f992727dfd54c56e210c68270\" style=\"color:#1b1448;font-size:clamp(18.959px, 1.185rem + ((1vw - 3.2px) * 0.977), 30px);\"><strong>Leistungsumfang<\/strong> <strong>Technische Due Dilligance<\/strong><\/p>\n\n\n\n<div class=\"wp-block-group has-global-padding is-layout-constrained wp-block-group-is-layout-constrained\">\n<div data-wp-context=\"{ &quot;autoclose&quot;: false, &quot;accordionItems&quot;: [] }\" data-wp-interactive=\"core\/accordion\" role=\"group\" class=\"wp-block-accordion is-layout-flow wp-block-accordion-is-layout-flow\">\n<div data-wp-class--is-open=\"state.isOpen\" data-wp-context=\"{ &quot;id&quot;: &quot;accordion-item-1&quot;, &quot;openByDefault&quot;: false }\" data-wp-init=\"callbacks.initAccordionItems\" data-wp-on-window--hashchange=\"callbacks.hashChange\" class=\"wp-block-accordion-item is-layout-flow wp-block-accordion-item-is-layout-flow\">\n<h3 class=\"wp-block-accordion-heading has-text-color has-link-color wp-elements-6f9ab756fff4138e249e63e08a0d3d4d\" style=\"color:#1b1448\"><button aria-expanded=\"false\" aria-controls=\"accordion-item-1-panel\" data-wp-bind--aria-expanded=\"state.isOpen\" data-wp-on--click=\"actions.toggle\" data-wp-on--keydown=\"actions.handleKeyDown\" id=\"accordion-item-1\" type=\"button\" class=\"wp-block-accordion-heading__toggle\"><span class=\"wp-block-accordion-heading__toggle-title\"><strong><strong><strong>Dokumentenpr\u00fcfung &amp; Plausibilisierung<\/strong>&nbsp;<\/strong><\/strong><\/span><span class=\"wp-block-accordion-heading__toggle-icon\" aria-hidden=\"true\">+<\/span><\/button><\/h3>\n\n\n\n<div inert aria-labelledby=\"accordion-item-1\" data-wp-bind--inert=\"!state.isOpen\" id=\"accordion-item-1-panel\" role=\"region\" class=\"wp-block-accordion-panel is-layout-flow wp-block-accordion-panel-is-layout-flow\">\n<ul class=\"wp-block-list\">\n<li>Pr\u00fcfung von Planungsunterlagen, Konzepten und technischen Dokumentationen&nbsp;&nbsp;<\/li>\n\n\n\n<li>Plausibilisierung von Annahmen und Berechnungen&nbsp;&nbsp;<\/li>\n\n\n\n<li>Bewertung der Vollst\u00e4ndigkeit und Qualit\u00e4t der Unterlagen&nbsp;&nbsp;<\/li>\n<\/ul>\n<\/div>\n<\/div>\n\n\n\n<div data-wp-class--is-open=\"state.isOpen\" data-wp-context=\"{ &quot;id&quot;: &quot;accordion-item-2&quot;, &quot;openByDefault&quot;: false }\" data-wp-init=\"callbacks.initAccordionItems\" data-wp-on-window--hashchange=\"callbacks.hashChange\" class=\"wp-block-accordion-item is-layout-flow wp-block-accordion-item-is-layout-flow\">\n<h3 class=\"wp-block-accordion-heading has-text-color has-link-color wp-elements-9d60917716cffb89aa463c4d735291b0\" style=\"color:#1b1448\"><button aria-expanded=\"false\" aria-controls=\"accordion-item-2-panel\" data-wp-bind--aria-expanded=\"state.isOpen\" data-wp-on--click=\"actions.toggle\" data-wp-on--keydown=\"actions.handleKeyDown\" id=\"accordion-item-2\" type=\"button\" class=\"wp-block-accordion-heading__toggle\"><span class=\"wp-block-accordion-heading__toggle-title\"><strong><strong>Ertrags- &amp; Wirtschaftlichkeitsanalyse<\/strong>&nbsp;<\/strong><\/span><span class=\"wp-block-accordion-heading__toggle-icon\" aria-hidden=\"true\">+<\/span><\/button><\/h3>\n\n\n\n<div inert aria-labelledby=\"accordion-item-2\" data-wp-bind--inert=\"!state.isOpen\" id=\"accordion-item-2-panel\" role=\"region\" class=\"wp-block-accordion-panel is-layout-flow wp-block-accordion-panel-is-layout-flow\">\n<ul class=\"wp-block-list\">\n<li>\u00dcberpr\u00fcfung von Ertragsprognosen und Simulationen&nbsp;&nbsp;<\/li>\n\n\n\n<li>Bewertung von Wirtschaftlichkeitsberechnungen&nbsp;&nbsp;&nbsp;<\/li>\n<\/ul>\n<\/div>\n<\/div>\n\n\n\n<div data-wp-class--is-open=\"state.isOpen\" data-wp-context=\"{ &quot;id&quot;: &quot;accordion-item-3&quot;, &quot;openByDefault&quot;: false }\" data-wp-init=\"callbacks.initAccordionItems\" data-wp-on-window--hashchange=\"callbacks.hashChange\" class=\"wp-block-accordion-item is-layout-flow wp-block-accordion-item-is-layout-flow\">\n<h3 class=\"wp-block-accordion-heading has-text-color has-link-color wp-elements-40bf12855f92732f4356a4c7a786b8d3\" style=\"color:#1b1448\"><button aria-expanded=\"false\" aria-controls=\"accordion-item-3-panel\" data-wp-bind--aria-expanded=\"state.isOpen\" data-wp-on--click=\"actions.toggle\" data-wp-on--keydown=\"actions.handleKeyDown\" id=\"accordion-item-3\" type=\"button\" class=\"wp-block-accordion-heading__toggle\"><span class=\"wp-block-accordion-heading__toggle-title\"><strong><strong><strong>Technische Bewertung von Komponenten<\/strong>&nbsp;<\/strong><\/strong><\/span><span class=\"wp-block-accordion-heading__toggle-icon\" aria-hidden=\"true\">+<\/span><\/button><\/h3>\n\n\n\n<div inert aria-labelledby=\"accordion-item-3\" data-wp-bind--inert=\"!state.isOpen\" id=\"accordion-item-3-panel\" role=\"region\" class=\"wp-block-accordion-panel is-layout-flow wp-block-accordion-panel-is-layout-flow\">\n<ul class=\"wp-block-list\">\n<li>Analyse der eingesetzten Komponenten (Module, Wechselrichter, Speicher)&nbsp;&nbsp;<\/li>\n\n\n\n<li>Bewertung von Qualit\u00e4t, Performance und Normkonformit\u00e4t&nbsp;&nbsp;<\/li>\n\n\n\n<li>Einsch\u00e4tzung von Lebensdauer und Betriebssicherheit&nbsp;&nbsp;<\/li>\n<\/ul>\n<\/div>\n<\/div>\n\n\n\n<div data-wp-class--is-open=\"state.isOpen\" data-wp-context=\"{ &quot;id&quot;: &quot;accordion-item-4&quot;, &quot;openByDefault&quot;: false }\" data-wp-init=\"callbacks.initAccordionItems\" data-wp-on-window--hashchange=\"callbacks.hashChange\" class=\"wp-block-accordion-item is-layout-flow wp-block-accordion-item-is-layout-flow\">\n<h3 class=\"wp-block-accordion-heading has-text-color has-link-color wp-elements-b6d21f7f5676b7e8b7bcbdf0013391d3\" style=\"color:#1b1448\"><button aria-expanded=\"false\" aria-controls=\"accordion-item-4-panel\" data-wp-bind--aria-expanded=\"state.isOpen\" data-wp-on--click=\"actions.toggle\" data-wp-on--keydown=\"actions.handleKeyDown\" id=\"accordion-item-4\" type=\"button\" class=\"wp-block-accordion-heading__toggle\"><span class=\"wp-block-accordion-heading__toggle-title\"><strong><strong><strong>Risikoanalyse &amp; Bewertung<\/strong>&nbsp;<\/strong><\/strong><\/span><span class=\"wp-block-accordion-heading__toggle-icon\" aria-hidden=\"true\">+<\/span><\/button><\/h3>\n\n\n\n<div inert aria-labelledby=\"accordion-item-4\" data-wp-bind--inert=\"!state.isOpen\" id=\"accordion-item-4-panel\" role=\"region\" class=\"wp-block-accordion-panel is-layout-flow wp-block-accordion-panel-is-layout-flow\">\n<ul class=\"wp-block-list\">\n<li>Identifikation technischer und projektspezifischer Risiken&nbsp;&nbsp;<\/li>\n\n\n\n<li>Entwicklung von Bewertungskriterien&nbsp;&nbsp;<\/li>\n\n\n\n<li>Priorisierung und Einsch\u00e4tzung von Auswirkungen&nbsp;&nbsp;<\/li>\n<\/ul>\n<\/div>\n<\/div>\n\n\n\n<div data-wp-class--is-open=\"state.isOpen\" data-wp-context=\"{ &quot;id&quot;: &quot;accordion-item-5&quot;, &quot;openByDefault&quot;: false }\" data-wp-init=\"callbacks.initAccordionItems\" data-wp-on-window--hashchange=\"callbacks.hashChange\" class=\"wp-block-accordion-item is-layout-flow wp-block-accordion-item-is-layout-flow\">\n<h3 class=\"wp-block-accordion-heading has-text-color has-link-color wp-elements-12d5ac788a461ae00cecd473354c2603\" style=\"color:#1b1448\"><button aria-expanded=\"false\" aria-controls=\"accordion-item-5-panel\" data-wp-bind--aria-expanded=\"state.isOpen\" data-wp-on--click=\"actions.toggle\" data-wp-on--keydown=\"actions.handleKeyDown\" id=\"accordion-item-5\" type=\"button\" class=\"wp-block-accordion-heading__toggle\"><span class=\"wp-block-accordion-heading__toggle-title\"><strong><strong><strong><strong>Angebotsvergleich &amp; Benchmarking<\/strong>&nbsp;<\/strong><\/strong><\/strong><\/span><span class=\"wp-block-accordion-heading__toggle-icon\" aria-hidden=\"true\">+<\/span><\/button><\/h3>\n\n\n\n<div inert aria-labelledby=\"accordion-item-5\" data-wp-bind--inert=\"!state.isOpen\" id=\"accordion-item-5-panel\" role=\"region\" class=\"wp-block-accordion-panel is-layout-flow wp-block-accordion-panel-is-layout-flow\">\n<ul class=\"wp-block-list\">\n<li>Vergleich von Angeboten und technischen L\u00f6sungen&nbsp;&nbsp;<\/li>\n\n\n\n<li>Bewertung von Preis-Leistungs-Verh\u00e4ltnissen&nbsp;&nbsp;<\/li>\n\n\n\n<li>Identifikation von Abweichungen und Optimierungspotenzialen&nbsp;&nbsp;&nbsp;<\/li>\n<\/ul>\n<\/div>\n<\/div>\n\n\n\n<div data-wp-class--is-open=\"state.isOpen\" data-wp-context=\"{ &quot;id&quot;: &quot;accordion-item-6&quot;, &quot;openByDefault&quot;: false }\" data-wp-init=\"callbacks.initAccordionItems\" data-wp-on-window--hashchange=\"callbacks.hashChange\" class=\"wp-block-accordion-item is-layout-flow wp-block-accordion-item-is-layout-flow\">\n<h3 class=\"wp-block-accordion-heading has-text-color has-link-color wp-elements-e7dc66c0fe17a857f3395d5844348343\" style=\"color:#1b1448\"><button aria-expanded=\"false\" aria-controls=\"accordion-item-6-panel\" data-wp-bind--aria-expanded=\"state.isOpen\" data-wp-on--click=\"actions.toggle\" data-wp-on--keydown=\"actions.handleKeyDown\" id=\"accordion-item-6\" type=\"button\" class=\"wp-block-accordion-heading__toggle\"><span class=\"wp-block-accordion-heading__toggle-title\"><strong><strong><strong><strong>Ausschreibungspr\u00fcfung &amp; Vergabeunterst\u00fctzung<\/strong>&nbsp;<\/strong><\/strong><\/strong><\/span><span class=\"wp-block-accordion-heading__toggle-icon\" aria-hidden=\"true\">+<\/span><\/button><\/h3>\n\n\n\n<div inert aria-labelledby=\"accordion-item-6\" data-wp-bind--inert=\"!state.isOpen\" id=\"accordion-item-6-panel\" role=\"region\" class=\"wp-block-accordion-panel is-layout-flow wp-block-accordion-panel-is-layout-flow\">\n<ul class=\"wp-block-list\">\n<li>Wir unterst\u00fctzen Auftraggeber bei der technischen Bewertung von Ausschreibungen und Vergabeprozessen,&nbsp;von der Erstellung bis zur finalen Entscheidung.&nbsp;<\/li>\n<\/ul>\n<\/div>\n<\/div>\n\n\n\n<div data-wp-class--is-open=\"state.isOpen\" data-wp-context=\"{ &quot;id&quot;: &quot;accordion-item-7&quot;, &quot;openByDefault&quot;: false }\" data-wp-init=\"callbacks.initAccordionItems\" data-wp-on-window--hashchange=\"callbacks.hashChange\" class=\"wp-block-accordion-item is-layout-flow wp-block-accordion-item-is-layout-flow\">\n<h3 class=\"wp-block-accordion-heading has-text-color has-link-color wp-elements-fb515953f27891103e3688c7d0b0a0e9\" style=\"color:#1b1448\"><button aria-expanded=\"false\" aria-controls=\"accordion-item-7-panel\" data-wp-bind--aria-expanded=\"state.isOpen\" data-wp-on--click=\"actions.toggle\" data-wp-on--keydown=\"actions.handleKeyDown\" id=\"accordion-item-7\" type=\"button\" class=\"wp-block-accordion-heading__toggle\"><span class=\"wp-block-accordion-heading__toggle-title\"><strong><strong><strong><strong>Ausschreibungsunterlagen<\/strong>&nbsp;<\/strong><\/strong><\/strong><\/span><span class=\"wp-block-accordion-heading__toggle-icon\" aria-hidden=\"true\">+<\/span><\/button><\/h3>\n\n\n\n<div inert aria-labelledby=\"accordion-item-7\" data-wp-bind--inert=\"!state.isOpen\" id=\"accordion-item-7-panel\" role=\"region\" class=\"wp-block-accordion-panel is-layout-flow wp-block-accordion-panel-is-layout-flow\">\n<ul class=\"wp-block-list\">\n<li>Pr\u00fcfung bestehender Ausschreibungsunterlagen&nbsp;&nbsp;<\/li>\n\n\n\n<li>Erstellung technischer Leistungsverzeichnisse (LV)&nbsp;&nbsp;<\/li>\n\n\n\n<li>Sicherstellung klarer und vergleichbarer Anforderungen&nbsp;<strong>&nbsp;<\/strong>&nbsp;<\/li>\n<\/ul>\n<\/div>\n<\/div>\n\n\n\n<div data-wp-class--is-open=\"state.isOpen\" data-wp-context=\"{ &quot;id&quot;: &quot;accordion-item-8&quot;, &quot;openByDefault&quot;: false }\" data-wp-init=\"callbacks.initAccordionItems\" data-wp-on-window--hashchange=\"callbacks.hashChange\" class=\"wp-block-accordion-item is-layout-flow wp-block-accordion-item-is-layout-flow\">\n<h3 class=\"wp-block-accordion-heading has-text-color has-link-color wp-elements-4a437c8e6039b00d2f8d6d0e299c437a\" style=\"color:#1b1448\"><button aria-expanded=\"false\" aria-controls=\"accordion-item-8-panel\" data-wp-bind--aria-expanded=\"state.isOpen\" data-wp-on--click=\"actions.toggle\" data-wp-on--keydown=\"actions.handleKeyDown\" id=\"accordion-item-8\" type=\"button\" class=\"wp-block-accordion-heading__toggle\"><span class=\"wp-block-accordion-heading__toggle-title\"><strong><strong><strong><strong>Angebotspr\u00fcfung &amp; Bieterkommunikation<\/strong>&nbsp;<\/strong><\/strong><\/strong><\/span><span class=\"wp-block-accordion-heading__toggle-icon\" aria-hidden=\"true\">+<\/span><\/button><\/h3>\n\n\n\n<div inert aria-labelledby=\"accordion-item-8\" data-wp-bind--inert=\"!state.isOpen\" id=\"accordion-item-8-panel\" role=\"region\" class=\"wp-block-accordion-panel is-layout-flow wp-block-accordion-panel-is-layout-flow\">\n<ul class=\"wp-block-list\">\n<li>Analyse eingegangener Angebote&nbsp;&nbsp;<\/li>\n\n\n\n<li>Beantwortung und Koordination von Bieterfragen&nbsp;&nbsp;<\/li>\n\n\n\n<li>Technische Bewertung und Strukturierung der Angebote&nbsp;&nbsp;&nbsp;<\/li>\n<\/ul>\n<\/div>\n<\/div>\n\n\n\n<div data-wp-class--is-open=\"state.isOpen\" data-wp-context=\"{ &quot;id&quot;: &quot;accordion-item-9&quot;, &quot;openByDefault&quot;: false }\" data-wp-init=\"callbacks.initAccordionItems\" data-wp-on-window--hashchange=\"callbacks.hashChange\" class=\"wp-block-accordion-item is-layout-flow wp-block-accordion-item-is-layout-flow\">\n<h3 class=\"wp-block-accordion-heading has-text-color has-link-color wp-elements-433fd0eaaec95c8def56b42c06fcbec8\" style=\"color:#1b1448\"><button aria-expanded=\"false\" aria-controls=\"accordion-item-9-panel\" data-wp-bind--aria-expanded=\"state.isOpen\" data-wp-on--click=\"actions.toggle\" data-wp-on--keydown=\"actions.handleKeyDown\" id=\"accordion-item-9\" type=\"button\" class=\"wp-block-accordion-heading__toggle\"><span class=\"wp-block-accordion-heading__toggle-title\"><strong><strong><strong><strong><strong>Bewertung &amp; Vergabeempfehlung<\/strong>&nbsp;<\/strong><\/strong><\/strong><\/strong><\/span><span class=\"wp-block-accordion-heading__toggle-icon\" aria-hidden=\"true\">+<\/span><\/button><\/h3>\n\n\n\n<div inert aria-labelledby=\"accordion-item-9\" data-wp-bind--inert=\"!state.isOpen\" id=\"accordion-item-9-panel\" role=\"region\" class=\"wp-block-accordion-panel is-layout-flow wp-block-accordion-panel-is-layout-flow\">\n<ul class=\"wp-block-list\">\n<li>Erstellung objektiver Bewertungssysteme&nbsp;&nbsp;<\/li>\n\n\n\n<li>Vergleich und Gewichtung der Angebote&nbsp;&nbsp;<\/li>\n\n\n\n<li>Ausarbeitung fundierter Vergabevorschl\u00e4ge&nbsp;&nbsp;&nbsp;<\/li>\n<\/ul>\n<\/div>\n<\/div>\n\n\n\n<div data-wp-class--is-open=\"state.isOpen\" data-wp-context=\"{ &quot;id&quot;: &quot;accordion-item-10&quot;, &quot;openByDefault&quot;: false }\" data-wp-init=\"callbacks.initAccordionItems\" data-wp-on-window--hashchange=\"callbacks.hashChange\" class=\"wp-block-accordion-item is-layout-flow wp-block-accordion-item-is-layout-flow\">\n<h3 class=\"wp-block-accordion-heading has-text-color has-link-color wp-elements-c1c120873aea94db05694e069a2f68b6\" style=\"color:#1b1448\"><button aria-expanded=\"false\" aria-controls=\"accordion-item-10-panel\" data-wp-bind--aria-expanded=\"state.isOpen\" data-wp-on--click=\"actions.toggle\" data-wp-on--keydown=\"actions.handleKeyDown\" id=\"accordion-item-10\" type=\"button\" class=\"wp-block-accordion-heading__toggle\"><span class=\"wp-block-accordion-heading__toggle-title\"><strong><strong><strong><strong><strong>Verhandlungen &amp; Hearings<\/strong><\/strong><\/strong><\/strong><\/strong><\/span><span class=\"wp-block-accordion-heading__toggle-icon\" aria-hidden=\"true\">+<\/span><\/button><\/h3>\n\n\n\n<div inert aria-labelledby=\"accordion-item-10\" data-wp-bind--inert=\"!state.isOpen\" id=\"accordion-item-10-panel\" role=\"region\" class=\"wp-block-accordion-panel is-layout-flow wp-block-accordion-panel-is-layout-flow\">\n<ul class=\"wp-block-list\">\n<li>Teilnahme an Bietergespr\u00e4chen und Verhandlungen&nbsp;&nbsp;<\/li>\n\n\n\n<li>Technische Unterst\u00fctzung bei Entscheidungsprozessen&nbsp;&nbsp;<\/li>\n\n\n\n<li>Sicherstellung einer transparenten und nachvollziehbaren Vergabe&nbsp;&nbsp;<\/li>\n<\/ul>\n<\/div>\n<\/div>\n<\/div>\n<\/div>\n\n\n\n<p><\/p>\n","protected":false},"excerpt":{"rendered":"<p>Technische Projektpr\u00fcfung \/ Due Diligence (PV &amp; BESS) 1 Wir f\u00fchren unabh\u00e4ngige technische Due Diligence Pr\u00fcfungen f\u00fcr Photovoltaik- und Batteriespeicherprojekte durch, zur Absicherung von Investitionen und zur fundierten Bewertung technischer Risiken. 2 Unsere Analysen schaffen eine klare und nachvollziehbare Entscheidungsgrundlage f\u00fcr Investoren, Betreiber und Projektentwickler. von der detaillierten Projektbewertung bis zur Vergabeentscheidung. Leistungsumfang Technische Due &hellip; <\/p>\n<p class=\"link-more\"><a href=\"https:\/\/www.b-techsolutions.at\/?page_id=7187\" class=\"more-link\">Mehr <span class=\"screen-reader-text\">\u00fcber &#8222;Technische Projektpr\u00fcfung \/ Due Diligence&#8220; <\/span>Lesen<\/a><\/p>\n","protected":false},"author":1,"featured_media":0,"parent":0,"menu_order":0,"comment_status":"closed","ping_status":"closed","template":"page-templates\/full-width-no-title.php","meta":{"_themeisle_gutenberg_block_has_review":false,"inspiro_hide_title":false,"footnotes":""},"class_list":["post-7187","page","type-page","status-publish","hentry"],"featured_media_urls":[],"_links":{"self":[{"href":"https:\/\/www.b-techsolutions.at\/index.php?rest_route=\/wp\/v2\/pages\/7187","targetHints":{"allow":["GET"]}}],"collection":[{"href":"https:\/\/www.b-techsolutions.at\/index.php?rest_route=\/wp\/v2\/pages"}],"about":[{"href":"https:\/\/www.b-techsolutions.at\/index.php?rest_route=\/wp\/v2\/types\/page"}],"author":[{"embeddable":true,"href":"https:\/\/www.b-techsolutions.at\/index.php?rest_route=\/wp\/v2\/users\/1"}],"replies":[{"embeddable":true,"href":"https:\/\/www.b-techsolutions.at\/index.php?rest_route=%2Fwp%2Fv2%2Fcomments&post=7187"}],"version-history":[{"count":3,"href":"https:\/\/www.b-techsolutions.at\/index.php?rest_route=\/wp\/v2\/pages\/7187\/revisions"}],"predecessor-version":[{"id":7207,"href":"https:\/\/www.b-techsolutions.at\/index.php?rest_route=\/wp\/v2\/pages\/7187\/revisions\/7207"}],"wp:attachment":[{"href":"https:\/\/www.b-techsolutions.at\/index.php?rest_route=%2Fwp%2Fv2%2Fmedia&parent=7187"}],"curies":[{"name":"wp","href":"https:\/\/api.w.org\/{rel}","templated":true}]}}