{"id":7176,"date":"2026-04-19T21:17:16","date_gmt":"2026-04-19T19:17:16","guid":{"rendered":"http:\/\/www.b-techsolutions.at\/?page_id=7176"},"modified":"2026-04-23T14:41:49","modified_gmt":"2026-04-23T12:41:49","slug":"no","status":"publish","type":"page","link":"https:\/\/www.b-techsolutions.at\/?page_id=7176","title":{"rendered":"Projektentwicklung PV &amp; Batteriespeicher"},"content":{"rendered":"\n<div class=\"wp-block-group has-text-color has-link-color wp-elements-57869b09a4ec7e06390916eb2a6d87c7 has-global-padding is-layout-constrained wp-container-core-group-is-layout-3a820303 wp-block-group-is-layout-constrained\" style=\"color:#000000;padding-right:var(--wp--preset--spacing--small);padding-left:var(--wp--preset--spacing--small)\">\n<div class=\"wp-block-columns is-layout-flex wp-container-core-columns-is-layout-28f84493 wp-block-columns-is-layout-flex\">\n<div class=\"wp-block-column is-layout-flow wp-block-column-is-layout-flow\">\n<div style=\"height:155px\" aria-hidden=\"true\" class=\"wp-block-spacer\"><\/div>\n\n\n\n<h2 class=\"wp-block-heading has-text-align-center has-text-color has-link-color wp-elements-9ce7d6d9e9841d8482fabad5cb447405\" style=\"color:#1b1448\">Projektentwicklung PV &amp; Batteriespeicher (BESS)<\/h2>\n\n\n\n<div style=\"height:48px\" aria-hidden=\"true\" class=\"wp-block-spacer\"><\/div>\n<\/div>\n<\/div>\n<\/div>\n\n\n\n<div class=\"wp-block-group has-text-color has-background has-link-color wp-elements-bfcd15e0253c484d81ffc45c37f1ae09 has-global-padding is-layout-constrained wp-block-group-is-layout-constrained\" style=\"color:#000000;background-color:#ebebeb;padding-top:var(--wp--preset--spacing--small);padding-bottom:var(--wp--preset--spacing--small)\">\n<div class=\"wp-block-columns is-layout-flex wp-container-core-columns-is-layout-28f84493 wp-block-columns-is-layout-flex\">\n<div class=\"wp-block-column is-layout-flow wp-block-column-is-layout-flow\">\n<p class=\"has-text-color has-link-color has-huge-font-size wp-elements-57a899eb2e9c92914114b7d45616979a\" style=\"color:#1b1448\">1<\/p>\n\n\n\n<p class=\"has-text-color has-link-color wp-elements-4923f3c8b247a41809a4d4eea0a8a59c\" style=\"color:#1b1448\">Von der ersten Konzeptidee bis zur Realisierungsreife begleiten wir Unternehmen, Investoren und Projektentwickler bei der Entwicklung von PV- und Batteriespeicherprojekten (BESS).<\/p>\n\n\n\n<p><\/p>\n<\/div>\n\n\n\n<div class=\"wp-block-column is-layout-flow wp-block-column-is-layout-flow\">\n<p class=\"has-text-color has-link-color has-huge-font-size wp-elements-e954c41ec767538195dc0ede30e6c7a1\" style=\"color:#1b1448\">2<\/p>\n\n\n\n<p class=\"has-text-color has-link-color wp-elements-3b42f6e9246141c290247042f73a5b27\" style=\"color:#1b1448\">Unser Fokus liegt auf technisch fundierten, wirtschaftlich optimierten und genehmigungsf\u00e4higen Energiekonzepten, die optimal auf Netzanschluss, Standort und regulatorische Anforderungen in \u00d6sterreich abgestimmt sind.<\/p>\n\n\n\n<p><\/p>\n<\/div>\n\n\n\n<div class=\"wp-block-column is-layout-flow wp-block-column-is-layout-flow\">\n<p class=\"has-text-color has-link-color has-huge-font-size wp-elements-f4265368e74e0f29ad119793c3d1d150\" style=\"color:#1b1448\">3<\/p>\n\n\n\n<p class=\"has-text-color has-link-color wp-elements-c623af309b32f81814d0962747837bbe\" style=\"color:#1b1448\">Dabei ber\u00fccksichtigen wir alle projektrelevanten Rahmenbedingungen, von technischen Anforderungen bis hin zu wirtschaftlichen und regulatorischen Aspekten und entwickeln daraus durchdachte, umsetzbare L\u00f6sungen.<\/p>\n\n\n\n<p><\/p>\n<\/div>\n<\/div>\n<\/div>\n\n\n\n<div style=\"height:46px\" aria-hidden=\"true\" class=\"wp-block-spacer\"><\/div>\n\n\n\n<p class=\"has-text-align-center has-text-color has-link-color wp-elements-23de872126b29d4784e1ee3d08587115\" style=\"color:#1b1448;font-size:clamp(18.959px, 1.185rem + ((1vw - 3.2px) * 0.977), 30px);\"><strong>Leistungsumfang<\/strong> <strong>PV &#8211; Projekte<\/strong><\/p>\n\n\n\n<div class=\"wp-block-group has-global-padding is-layout-constrained wp-block-group-is-layout-constrained\">\n<div data-wp-context=\"{ &quot;autoclose&quot;: false, &quot;accordionItems&quot;: [] }\" data-wp-interactive=\"core\/accordion\" role=\"group\" class=\"wp-block-accordion is-layout-flow wp-block-accordion-is-layout-flow\">\n<div data-wp-class--is-open=\"state.isOpen\" data-wp-context=\"{ &quot;id&quot;: &quot;accordion-item-1&quot;, &quot;openByDefault&quot;: false }\" data-wp-init=\"callbacks.initAccordionItems\" data-wp-on-window--hashchange=\"callbacks.hashChange\" class=\"wp-block-accordion-item is-layout-flow wp-block-accordion-item-is-layout-flow\">\n<h3 class=\"wp-block-accordion-heading has-text-color has-link-color wp-elements-dccaa80196a25293ed976ec8a6b89f0f\" style=\"color:#1b1448\"><button aria-expanded=\"false\" aria-controls=\"accordion-item-1-panel\" data-wp-bind--aria-expanded=\"state.isOpen\" data-wp-on--click=\"actions.toggle\" data-wp-on--keydown=\"actions.handleKeyDown\" id=\"accordion-item-1\" type=\"button\" class=\"wp-block-accordion-heading__toggle\"><span class=\"wp-block-accordion-heading__toggle-title\"><strong><strong>Strategie &amp; F\u00f6rderberatung<\/strong>&nbsp;<\/strong><\/span><span class=\"wp-block-accordion-heading__toggle-icon\" aria-hidden=\"true\">+<\/span><\/button><\/h3>\n\n\n\n<div inert aria-labelledby=\"accordion-item-1\" data-wp-bind--inert=\"!state.isOpen\" id=\"accordion-item-1-panel\" role=\"region\" class=\"wp-block-accordion-panel is-layout-flow wp-block-accordion-panel-is-layout-flow\">\n<ul class=\"wp-block-list\">\n<li>F\u00f6rdercheck und Identifikation relevanter F\u00f6rderprogramme&nbsp;&nbsp;<\/li>\n\n\n\n<li>Unterst\u00fctzung bei F\u00f6rderantr\u00e4gen bis zur Auszahlung&nbsp;&nbsp;<\/li>\n\n\n\n<li>Wirtschaftliche Bewertung unter Ber\u00fccksichtigung von F\u00f6rderungen<\/li>\n<\/ul>\n<\/div>\n<\/div>\n\n\n\n<div data-wp-class--is-open=\"state.isOpen\" data-wp-context=\"{ &quot;id&quot;: &quot;accordion-item-2&quot;, &quot;openByDefault&quot;: false }\" data-wp-init=\"callbacks.initAccordionItems\" data-wp-on-window--hashchange=\"callbacks.hashChange\" class=\"wp-block-accordion-item is-layout-flow wp-block-accordion-item-is-layout-flow\">\n<h3 class=\"wp-block-accordion-heading has-text-color has-link-color wp-elements-b69db744a8c43ccdd61f7ed8d224e8e6\" style=\"color:#1b1448\"><button aria-expanded=\"false\" aria-controls=\"accordion-item-2-panel\" data-wp-bind--aria-expanded=\"state.isOpen\" data-wp-on--click=\"actions.toggle\" data-wp-on--keydown=\"actions.handleKeyDown\" id=\"accordion-item-2\" type=\"button\" class=\"wp-block-accordion-heading__toggle\"><span class=\"wp-block-accordion-heading__toggle-title\"><strong>Machbarkeitsstudien &amp; Variantenanalysen<\/strong><\/span><span class=\"wp-block-accordion-heading__toggle-icon\" aria-hidden=\"true\">+<\/span><\/button><\/h3>\n\n\n\n<div inert aria-labelledby=\"accordion-item-2\" data-wp-bind--inert=\"!state.isOpen\" id=\"accordion-item-2-panel\" role=\"region\" class=\"wp-block-accordion-panel is-layout-flow wp-block-accordion-panel-is-layout-flow\">\n<ul class=\"wp-block-list\">\n<li>Technische und wirtschaftliche Bewertung von PV-Projekten&nbsp;&nbsp;<\/li>\n\n\n\n<li>Ertragsprognosen, Kostenanalysen und Risikoabsch\u00e4tzung&nbsp;&nbsp;<\/li>\n\n\n\n<li>Entwicklung von Varianten inkl. klarer Entscheidungsgrundlage&nbsp;&nbsp;<\/li>\n<\/ul>\n<\/div>\n<\/div>\n\n\n\n<div data-wp-class--is-open=\"state.isOpen\" data-wp-context=\"{ &quot;id&quot;: &quot;accordion-item-3&quot;, &quot;openByDefault&quot;: false }\" data-wp-init=\"callbacks.initAccordionItems\" data-wp-on-window--hashchange=\"callbacks.hashChange\" class=\"wp-block-accordion-item is-layout-flow wp-block-accordion-item-is-layout-flow\">\n<h3 class=\"wp-block-accordion-heading has-text-color has-link-color wp-elements-8d17c9ec7a3cb98bf1d26eba4ddaf537\" style=\"color:#1b1448\"><button aria-expanded=\"false\" aria-controls=\"accordion-item-3-panel\" data-wp-bind--aria-expanded=\"state.isOpen\" data-wp-on--click=\"actions.toggle\" data-wp-on--keydown=\"actions.handleKeyDown\" id=\"accordion-item-3\" type=\"button\" class=\"wp-block-accordion-heading__toggle\"><span class=\"wp-block-accordion-heading__toggle-title\"><strong><strong>Einreichplanung &amp; Beh\u00f6rdenmanagement<\/strong>&nbsp;<\/strong><\/span><span class=\"wp-block-accordion-heading__toggle-icon\" aria-hidden=\"true\">+<\/span><\/button><\/h3>\n\n\n\n<div inert aria-labelledby=\"accordion-item-3\" data-wp-bind--inert=\"!state.isOpen\" id=\"accordion-item-3-panel\" role=\"region\" class=\"wp-block-accordion-panel is-layout-flow wp-block-accordion-panel-is-layout-flow\">\n<ul class=\"wp-block-list\">\n<li>Erstellung vollst\u00e4ndiger Einreichunterlagen inkl. Fachnachweise&nbsp;&nbsp;<\/li>\n\n\n\n<li>Abstimmung mit Beh\u00f6rden und Netzbetreibern&nbsp;&nbsp;<\/li>\n\n\n\n<li>Begleitung durch den gesamten Genehmigungsprozess<strong>&nbsp;<\/strong>&nbsp;<\/li>\n<\/ul>\n<\/div>\n<\/div>\n\n\n\n<div data-wp-class--is-open=\"state.isOpen\" data-wp-context=\"{ &quot;id&quot;: &quot;accordion-item-4&quot;, &quot;openByDefault&quot;: false }\" data-wp-init=\"callbacks.initAccordionItems\" data-wp-on-window--hashchange=\"callbacks.hashChange\" class=\"wp-block-accordion-item is-layout-flow wp-block-accordion-item-is-layout-flow\">\n<h3 class=\"wp-block-accordion-heading has-text-color has-link-color wp-elements-055ca9360d8226798825eaaabc5942c4\" style=\"color:#1b1448\"><button aria-expanded=\"false\" aria-controls=\"accordion-item-4-panel\" data-wp-bind--aria-expanded=\"state.isOpen\" data-wp-on--click=\"actions.toggle\" data-wp-on--keydown=\"actions.handleKeyDown\" id=\"accordion-item-4\" type=\"button\" class=\"wp-block-accordion-heading__toggle\"><span class=\"wp-block-accordion-heading__toggle-title\"><strong><strong>Netzanschluss &amp; Einspeisung<\/strong>&nbsp;<\/strong><\/span><span class=\"wp-block-accordion-heading__toggle-icon\" aria-hidden=\"true\">+<\/span><\/button><\/h3>\n\n\n\n<div inert aria-labelledby=\"accordion-item-4\" data-wp-bind--inert=\"!state.isOpen\" id=\"accordion-item-4-panel\" role=\"region\" class=\"wp-block-accordion-panel is-layout-flow wp-block-accordion-panel-is-layout-flow\">\n<ul class=\"wp-block-list\">\n<li>Netzzutrittsantr\u00e4ge und technische Abstimmungen&nbsp;&nbsp;<\/li>\n\n\n\n<li>Erstellung von Konzepten (z. B. NA-Schutz, Regelstrategie)&nbsp;&nbsp;<\/li>\n\n\n\n<li>Unterst\u00fctzung beim Einspeisevertrag&nbsp;&nbsp;<\/li>\n<\/ul>\n<\/div>\n<\/div>\n\n\n\n<div data-wp-class--is-open=\"state.isOpen\" data-wp-context=\"{ &quot;id&quot;: &quot;accordion-item-5&quot;, &quot;openByDefault&quot;: false }\" data-wp-init=\"callbacks.initAccordionItems\" data-wp-on-window--hashchange=\"callbacks.hashChange\" class=\"wp-block-accordion-item is-layout-flow wp-block-accordion-item-is-layout-flow\">\n<h3 class=\"wp-block-accordion-heading has-text-color has-link-color wp-elements-371966550fe7603ba8120c2d7acc7a40\" style=\"color:#1b1448\"><button aria-expanded=\"false\" aria-controls=\"accordion-item-5-panel\" data-wp-bind--aria-expanded=\"state.isOpen\" data-wp-on--click=\"actions.toggle\" data-wp-on--keydown=\"actions.handleKeyDown\" id=\"accordion-item-5\" type=\"button\" class=\"wp-block-accordion-heading__toggle\"><span class=\"wp-block-accordion-heading__toggle-title\"><strong><strong><strong>Technische Planung &amp; Systemdesign<\/strong>&nbsp;<\/strong><\/strong><\/span><span class=\"wp-block-accordion-heading__toggle-icon\" aria-hidden=\"true\">+<\/span><\/button><\/h3>\n\n\n\n<div inert aria-labelledby=\"accordion-item-5\" data-wp-bind--inert=\"!state.isOpen\" id=\"accordion-item-5-panel\" role=\"region\" class=\"wp-block-accordion-panel is-layout-flow wp-block-accordion-panel-is-layout-flow\">\n<ul class=\"wp-block-list\">\n<li>Vor-, Entwurfs- und Detailplanung&nbsp;&nbsp;<\/li>\n\n\n\n<li>Erstellung von CAD-Pl\u00e4nen, Schemata und technischen Unterlagen&nbsp;&nbsp;<\/li>\n\n\n\n<li>Dimensionierung von PV-Anlagen, Speichern und Systemkomponenten&nbsp;&nbsp;<\/li>\n<\/ul>\n<\/div>\n<\/div>\n\n\n\n<div data-wp-class--is-open=\"state.isOpen\" data-wp-context=\"{ &quot;id&quot;: &quot;accordion-item-6&quot;, &quot;openByDefault&quot;: false }\" data-wp-init=\"callbacks.initAccordionItems\" data-wp-on-window--hashchange=\"callbacks.hashChange\" class=\"wp-block-accordion-item is-layout-flow wp-block-accordion-item-is-layout-flow\">\n<h3 class=\"wp-block-accordion-heading has-text-color has-link-color wp-elements-505c670952fc5a9fbb54a6c14c52d751\" style=\"color:#1b1448\"><button aria-expanded=\"false\" aria-controls=\"accordion-item-6-panel\" data-wp-bind--aria-expanded=\"state.isOpen\" data-wp-on--click=\"actions.toggle\" data-wp-on--keydown=\"actions.handleKeyDown\" id=\"accordion-item-6\" type=\"button\" class=\"wp-block-accordion-heading__toggle\"><span class=\"wp-block-accordion-heading__toggle-title\"><strong><strong><strong>Systemintegration &amp; Energiekonzepte<\/strong>&nbsp;<\/strong><\/strong><\/span><span class=\"wp-block-accordion-heading__toggle-icon\" aria-hidden=\"true\">+<\/span><\/button><\/h3>\n\n\n\n<div inert aria-labelledby=\"accordion-item-6\" data-wp-bind--inert=\"!state.isOpen\" id=\"accordion-item-6-panel\" role=\"region\" class=\"wp-block-accordion-panel is-layout-flow wp-block-accordion-panel-is-layout-flow\">\n<ul class=\"wp-block-list\">\n<li>Integration von PV, Batteriespeicher und E-Mobilit\u00e4t&nbsp;&nbsp;<\/li>\n\n\n\n<li>Konzeption von Monitoring- und Energiemanagementsystemen&nbsp;&nbsp;<\/li>\n\n\n\n<li>Schnittstellenkl\u00e4rung zwischen allen Systemkomponenten&nbsp;&nbsp;<\/li>\n<\/ul>\n<\/div>\n<\/div>\n\n\n\n<div data-wp-class--is-open=\"state.isOpen\" data-wp-context=\"{ &quot;id&quot;: &quot;accordion-item-7&quot;, &quot;openByDefault&quot;: false }\" data-wp-init=\"callbacks.initAccordionItems\" data-wp-on-window--hashchange=\"callbacks.hashChange\" class=\"wp-block-accordion-item is-layout-flow wp-block-accordion-item-is-layout-flow\">\n<h3 class=\"wp-block-accordion-heading has-text-color has-link-color wp-elements-95b0e38b6515eca36ecaeb1827ae9426\" style=\"color:#1b1448\"><button aria-expanded=\"false\" aria-controls=\"accordion-item-7-panel\" data-wp-bind--aria-expanded=\"state.isOpen\" data-wp-on--click=\"actions.toggle\" data-wp-on--keydown=\"actions.handleKeyDown\" id=\"accordion-item-7\" type=\"button\" class=\"wp-block-accordion-heading__toggle\"><span class=\"wp-block-accordion-heading__toggle-title\"><strong><strong><strong>Ausschreibung &amp; Vergabe<\/strong>&nbsp;<\/strong><\/strong><\/span><span class=\"wp-block-accordion-heading__toggle-icon\" aria-hidden=\"true\">+<\/span><\/button><\/h3>\n\n\n\n<div inert aria-labelledby=\"accordion-item-7\" data-wp-bind--inert=\"!state.isOpen\" id=\"accordion-item-7-panel\" role=\"region\" class=\"wp-block-accordion-panel is-layout-flow wp-block-accordion-panel-is-layout-flow\">\n<ul class=\"wp-block-list\">\n<li>Erstellung von Leistungsverzeichnissen (LV)&nbsp;&nbsp;<\/li>\n\n\n\n<li>Unterst\u00fctzung bei Bieterfragen&nbsp;&nbsp;<\/li>\n\n\n\n<li>Angebotspr\u00fcfung und Vergabeempfehlung&nbsp;&nbsp;<strong>&nbsp;<\/strong>&nbsp;<\/li>\n<\/ul>\n<\/div>\n<\/div>\n\n\n\n<div data-wp-class--is-open=\"state.isOpen\" data-wp-context=\"{ &quot;id&quot;: &quot;accordion-item-8&quot;, &quot;openByDefault&quot;: false }\" data-wp-init=\"callbacks.initAccordionItems\" data-wp-on-window--hashchange=\"callbacks.hashChange\" class=\"wp-block-accordion-item is-layout-flow wp-block-accordion-item-is-layout-flow\">\n<h3 class=\"wp-block-accordion-heading has-text-color has-link-color wp-elements-883bf73a8c6a5a7db4fb1334532b335e\" style=\"color:#1b1448\"><button aria-expanded=\"false\" aria-controls=\"accordion-item-8-panel\" data-wp-bind--aria-expanded=\"state.isOpen\" data-wp-on--click=\"actions.toggle\" data-wp-on--keydown=\"actions.handleKeyDown\" id=\"accordion-item-8\" type=\"button\" class=\"wp-block-accordion-heading__toggle\"><span class=\"wp-block-accordion-heading__toggle-title\"><strong><strong><strong>Projektvorbereitung Umsetzung<\/strong>&nbsp;<\/strong><\/strong><\/span><span class=\"wp-block-accordion-heading__toggle-icon\" aria-hidden=\"true\">+<\/span><\/button><\/h3>\n\n\n\n<div inert aria-labelledby=\"accordion-item-8\" data-wp-bind--inert=\"!state.isOpen\" id=\"accordion-item-8-panel\" role=\"region\" class=\"wp-block-accordion-panel is-layout-flow wp-block-accordion-panel-is-layout-flow\">\n<ul class=\"wp-block-list\">\n<li>Erstellung von Bauablaufpl\u00e4nen&nbsp;&nbsp;<\/li>\n\n\n\n<li>Pr\u00fcf- und Messkonzepte&nbsp;&nbsp;<\/li>\n\n\n\n<li>Abnahme- und Qualit\u00e4tschecklisten&nbsp;&nbsp;<\/li>\n<\/ul>\n<\/div>\n<\/div>\n<\/div>\n<\/div>\n\n\n\n<p><\/p>\n","protected":false},"excerpt":{"rendered":"<p>Projektentwicklung PV &amp; Batteriespeicher (BESS) 1 Von der ersten Konzeptidee bis zur Realisierungsreife begleiten wir Unternehmen, Investoren und Projektentwickler bei der Entwicklung von PV- und Batteriespeicherprojekten (BESS). 2 Unser Fokus liegt auf technisch fundierten, wirtschaftlich optimierten und genehmigungsf\u00e4higen Energiekonzepten, die optimal auf Netzanschluss, Standort und regulatorische Anforderungen in \u00d6sterreich abgestimmt sind. 3 Dabei ber\u00fccksichtigen wir &hellip; <\/p>\n<p class=\"link-more\"><a href=\"https:\/\/www.b-techsolutions.at\/?page_id=7176\" class=\"more-link\">Mehr <span class=\"screen-reader-text\">\u00fcber &#8222;Projektentwicklung PV &amp; Batteriespeicher&#8220; <\/span>Lesen<\/a><\/p>\n","protected":false},"author":1,"featured_media":0,"parent":0,"menu_order":0,"comment_status":"closed","ping_status":"closed","template":"page-templates\/full-width-no-title.php","meta":{"_themeisle_gutenberg_block_has_review":false,"inspiro_hide_title":false,"footnotes":""},"class_list":["post-7176","page","type-page","status-publish","hentry"],"featured_media_urls":[],"_links":{"self":[{"href":"https:\/\/www.b-techsolutions.at\/index.php?rest_route=\/wp\/v2\/pages\/7176","targetHints":{"allow":["GET"]}}],"collection":[{"href":"https:\/\/www.b-techsolutions.at\/index.php?rest_route=\/wp\/v2\/pages"}],"about":[{"href":"https:\/\/www.b-techsolutions.at\/index.php?rest_route=\/wp\/v2\/types\/page"}],"author":[{"embeddable":true,"href":"https:\/\/www.b-techsolutions.at\/index.php?rest_route=\/wp\/v2\/users\/1"}],"replies":[{"embeddable":true,"href":"https:\/\/www.b-techsolutions.at\/index.php?rest_route=%2Fwp%2Fv2%2Fcomments&post=7176"}],"version-history":[{"count":8,"href":"https:\/\/www.b-techsolutions.at\/index.php?rest_route=\/wp\/v2\/pages\/7176\/revisions"}],"predecessor-version":[{"id":7281,"href":"https:\/\/www.b-techsolutions.at\/index.php?rest_route=\/wp\/v2\/pages\/7176\/revisions\/7281"}],"wp:attachment":[{"href":"https:\/\/www.b-techsolutions.at\/index.php?rest_route=%2Fwp%2Fv2%2Fmedia&parent=7176"}],"curies":[{"name":"wp","href":"https:\/\/api.w.org\/{rel}","templated":true}]}}