{"id":6840,"date":"2023-11-16T13:47:48","date_gmt":"2023-11-16T13:47:48","guid":{"rendered":"https:\/\/demo.wpzoom.com\/inspiro-lite-blocks-xml\/?page_id=6840"},"modified":"2026-04-23T14:33:18","modified_gmt":"2026-04-23T12:33:18","slug":"services-2","status":"publish","type":"page","link":"https:\/\/www.b-techsolutions.at\/?page_id=6840","title":{"rendered":"Fernwirktechnik &amp; Monitoringsysteme"},"content":{"rendered":"\n<div class=\"wp-block-group has-text-color has-link-color wp-elements-3b7487ff43eb030f9f85b21604d90e55 has-global-padding is-layout-constrained wp-container-core-group-is-layout-3a820303 wp-block-group-is-layout-constrained\" style=\"color:#000000;padding-right:var(--wp--preset--spacing--small);padding-left:var(--wp--preset--spacing--small)\">\n<div class=\"wp-block-columns is-layout-flex wp-container-core-columns-is-layout-28f84493 wp-block-columns-is-layout-flex\">\n<div class=\"wp-block-column is-layout-flow wp-block-column-is-layout-flow\">\n<div style=\"height:155px\" aria-hidden=\"true\" class=\"wp-block-spacer\"><\/div>\n\n\n\n<h2 class=\"wp-block-heading has-text-align-center has-text-color has-link-color wp-elements-a60a09c40e27efea9c4e81f5d5d97e78\" style=\"color:#1b1448\">Fernwirktechnik &amp; Monitoringsysteme<\/h2>\n\n\n\n<h2 class=\"wp-block-heading has-text-align-center has-text-color has-link-color wp-elements-beb32caf5eaef450c2f7d97fd416d81e\" id=\"inspiro-is-a-digital-product-agency-that-focuses-on-strategy-and-design\" style=\"color:#1b1448;font-size:clamp(15.197px, 0.95rem + ((1vw - 3.2px) * 0.691), 23px);font-style:normal;font-weight:100\"><strong>Wir konzipieren und implementieren Fernwirk- und Monitoringsysteme f\u00fcr PV- und Batteriespeicheranlagen (BESS) entlang des gesamten Projektverlaufs \u2013 von der Auslegung bis zur Inbetriebnahme.<\/strong><\/h2>\n\n\n\n<div style=\"height:48px\" aria-hidden=\"true\" class=\"wp-block-spacer\"><\/div>\n<\/div>\n<\/div>\n<\/div>\n\n\n\n<div class=\"wp-block-group has-text-color has-background has-link-color wp-elements-666e86c19df4c26bd43213e9e20efe8a has-global-padding is-layout-constrained wp-block-group-is-layout-constrained\" style=\"color:#000000;background-color:#ebebeb;padding-top:var(--wp--preset--spacing--small);padding-bottom:var(--wp--preset--spacing--small)\">\n<div class=\"wp-block-columns is-layout-flex wp-container-core-columns-is-layout-28f84493 wp-block-columns-is-layout-flex\">\n<div class=\"wp-block-column is-layout-flow wp-block-column-is-layout-flow\">\n<p class=\"has-text-color has-link-color has-huge-font-size wp-elements-57a899eb2e9c92914114b7d45616979a\" style=\"color:#1b1448\">1<\/p>\n\n\n\n<p class=\"has-text-color has-link-color wp-elements-8c8f9e7713e6df6ef48c16478523cc61\" style=\"color:#1b1448\">Unser Fokus liegt auf einer zuverl\u00e4ssigen Kommunikation mit Netzbetreibern, einer stabilen Systemintegration sowie einer transparenten und \u00fcbersichtlichen Anlagen\u00fcberwachung.<\/p>\n\n\n\n<p><\/p>\n<\/div>\n\n\n\n<div class=\"wp-block-column is-layout-flow wp-block-column-is-layout-flow\">\n<p class=\"has-text-color has-link-color has-huge-font-size wp-elements-e954c41ec767538195dc0ede30e6c7a1\" style=\"color:#1b1448\">2<\/p>\n\n\n\n<p class=\"has-text-color has-link-color wp-elements-66611f89185e45569b148ef4c658e904\" style=\"color:#1b1448\">Dabei integrieren wir alle relevanten Komponenten wie Wechselrichter, Datenlogger, Z\u00e4hler und Steuerungssysteme nahtlos in bestehende Strukturen.<\/p>\n\n\n\n<p><\/p>\n<\/div>\n\n\n\n<div class=\"wp-block-column is-layout-flow wp-block-column-is-layout-flow\">\n<p class=\"has-text-color has-link-color has-huge-font-size wp-elements-f4265368e74e0f29ad119793c3d1d150\" style=\"color:#1b1448\">3<\/p>\n\n\n\n<p class=\"has-text-color has-link-color wp-elements-607ab8fd8d2ea0dc123921ae3fef3e1b\" style=\"color:#1b1448\">Auf Basis unserer Expertise in der Fernwirktechnik f\u00fcr PV-Anlagen gew\u00e4hrleisten wir eine normgerechte Umsetzung und eine nahtlose Abstimmung mit allen Projektpartnern.<\/p>\n\n\n\n<p><\/p>\n<\/div>\n<\/div>\n<\/div>\n\n\n\n<div style=\"height:46px\" aria-hidden=\"true\" class=\"wp-block-spacer\"><\/div>\n\n\n\n<p class=\"has-text-align-center has-text-color has-link-color wp-elements-0a2815603d5c56d448b661ea757241e3\" style=\"color:#1b1448;font-size:clamp(18.959px, 1.185rem + ((1vw - 3.2px) * 0.977), 30px);\"><strong>Leistungsumfang<\/strong><\/p>\n\n\n\n<div class=\"wp-block-group has-global-padding is-layout-constrained wp-block-group-is-layout-constrained\">\n<div data-wp-context=\"{ &quot;autoclose&quot;: false, &quot;accordionItems&quot;: [] }\" data-wp-interactive=\"core\/accordion\" role=\"group\" class=\"wp-block-accordion is-layout-flow wp-block-accordion-is-layout-flow\">\n<div data-wp-class--is-open=\"state.isOpen\" data-wp-context=\"{ &quot;id&quot;: &quot;accordion-item-1&quot;, &quot;openByDefault&quot;: false }\" data-wp-init=\"callbacks.initAccordionItems\" data-wp-on-window--hashchange=\"callbacks.hashChange\" class=\"wp-block-accordion-item is-layout-flow wp-block-accordion-item-is-layout-flow\">\n<h3 class=\"wp-block-accordion-heading has-text-color has-link-color wp-elements-8999faf1347a258af5c69c5f94201e6f\" style=\"color:#1b1448\"><button aria-expanded=\"false\" aria-controls=\"accordion-item-1-panel\" data-wp-bind--aria-expanded=\"state.isOpen\" data-wp-on--click=\"actions.toggle\" data-wp-on--keydown=\"actions.handleKeyDown\" id=\"accordion-item-1\" type=\"button\" class=\"wp-block-accordion-heading__toggle\"><span class=\"wp-block-accordion-heading__toggle-title\"><strong>Vorinbetriebnahme, Parametrierung &amp; Integration Datenlogger<\/strong><\/span><span class=\"wp-block-accordion-heading__toggle-icon\" aria-hidden=\"true\">+<\/span><\/button><\/h3>\n\n\n\n<div inert aria-labelledby=\"accordion-item-1\" data-wp-bind--inert=\"!state.isOpen\" id=\"accordion-item-1-panel\" role=\"region\" class=\"wp-block-accordion-panel is-layout-flow wp-block-accordion-panel-is-layout-flow\">\n<ul class=\"wp-block-list\">\n<li>Einrichtung der Fernwartung<\/li>\n\n\n\n<li>Vernetzung, Adressierung und Systemkonfiguration<\/li>\n\n\n\n<li>Einlesen und Integration der Wechselrichter&nbsp;&nbsp;<\/li>\n\n\n\n<li>Umsetzung der Regelstrategie gem\u00e4\u00df Netzbetreiber-Vorgaben\u00a0<\/li>\n<\/ul>\n<\/div>\n<\/div>\n\n\n\n<div data-wp-class--is-open=\"state.isOpen\" data-wp-context=\"{ &quot;id&quot;: &quot;accordion-item-2&quot;, &quot;openByDefault&quot;: false }\" data-wp-init=\"callbacks.initAccordionItems\" data-wp-on-window--hashchange=\"callbacks.hashChange\" class=\"wp-block-accordion-item is-layout-flow wp-block-accordion-item-is-layout-flow\">\n<h3 class=\"wp-block-accordion-heading has-text-color has-link-color wp-elements-4e8887fd1eea7fea249ff3693148fa1c\" style=\"color:#1b1448\"><button aria-expanded=\"false\" aria-controls=\"accordion-item-2-panel\" data-wp-bind--aria-expanded=\"state.isOpen\" data-wp-on--click=\"actions.toggle\" data-wp-on--keydown=\"actions.handleKeyDown\" id=\"accordion-item-2\" type=\"button\" class=\"wp-block-accordion-heading__toggle\"><span class=\"wp-block-accordion-heading__toggle-title\"><strong>Inbetriebnahme<\/strong><\/span><span class=\"wp-block-accordion-heading__toggle-icon\" aria-hidden=\"true\">+<\/span><\/button><\/h3>\n\n\n\n<div inert aria-labelledby=\"accordion-item-2\" data-wp-bind--inert=\"!state.isOpen\" id=\"accordion-item-2-panel\" role=\"region\" class=\"wp-block-accordion-panel is-layout-flow wp-block-accordion-panel-is-layout-flow\">\n<ul class=\"wp-block-list\">\n<li>Steuerungs- und Regelungstests in Abstimmung mit dem Netzbetreiber\u00a0\u00a0<\/li>\n\n\n\n<li>Funktionspr\u00fcfung aller relevanten Schnittstellen<\/li>\n\n\n\n<li>Sicherstellung der netzkonformen Anlagensteuerung&nbsp;&nbsp;<\/li>\n<\/ul>\n<\/div>\n<\/div>\n\n\n\n<div data-wp-class--is-open=\"state.isOpen\" data-wp-context=\"{ &quot;id&quot;: &quot;accordion-item-3&quot;, &quot;openByDefault&quot;: false }\" data-wp-init=\"callbacks.initAccordionItems\" data-wp-on-window--hashchange=\"callbacks.hashChange\" class=\"wp-block-accordion-item is-layout-flow wp-block-accordion-item-is-layout-flow\">\n<h3 class=\"wp-block-accordion-heading has-text-color has-link-color wp-elements-bda3ee29770de461b598f57e0dbd854d\" style=\"color:#1b1448\"><button aria-expanded=\"false\" aria-controls=\"accordion-item-3-panel\" data-wp-bind--aria-expanded=\"state.isOpen\" data-wp-on--click=\"actions.toggle\" data-wp-on--keydown=\"actions.handleKeyDown\" id=\"accordion-item-3\" type=\"button\" class=\"wp-block-accordion-heading__toggle\"><span class=\"wp-block-accordion-heading__toggle-title\"><strong>Monitoringsysteme &amp; Systemintegration<\/strong><\/span><span class=\"wp-block-accordion-heading__toggle-icon\" aria-hidden=\"true\">+<\/span><\/button><\/h3>\n\n\n\n<div inert aria-labelledby=\"accordion-item-3\" data-wp-bind--inert=\"!state.isOpen\" id=\"accordion-item-3-panel\" role=\"region\" class=\"wp-block-accordion-panel is-layout-flow wp-block-accordion-panel-is-layout-flow\">\n<ul class=\"wp-block-list\">\n<li>Aufbau und Einrichtung von Monitoringsystemen (Cloud &amp; lokal)&nbsp;&nbsp;<\/li>\n\n\n\n<li>Visualisierung von Anlagendaten und Betriebszust\u00e4nden&nbsp;&nbsp;<\/li>\n\n\n\n<li>Integration in bestehende Energie- und Leitsysteme&nbsp;&nbsp;<\/li>\n<\/ul>\n<\/div>\n<\/div>\n\n\n\n<div data-wp-class--is-open=\"state.isOpen\" data-wp-context=\"{ &quot;id&quot;: &quot;accordion-item-4&quot;, &quot;openByDefault&quot;: false }\" data-wp-init=\"callbacks.initAccordionItems\" data-wp-on-window--hashchange=\"callbacks.hashChange\" class=\"wp-block-accordion-item is-layout-flow wp-block-accordion-item-is-layout-flow\">\n<h3 class=\"wp-block-accordion-heading has-text-color has-link-color wp-elements-47b99e9519581f911188ddd51ab37dac\" style=\"color:#1b1448\"><button aria-expanded=\"false\" aria-controls=\"accordion-item-4-panel\" data-wp-bind--aria-expanded=\"state.isOpen\" data-wp-on--click=\"actions.toggle\" data-wp-on--keydown=\"actions.handleKeyDown\" id=\"accordion-item-4\" type=\"button\" class=\"wp-block-accordion-heading__toggle\"><span class=\"wp-block-accordion-heading__toggle-title\"><strong>Optimierung &amp; Service<\/strong><\/span><span class=\"wp-block-accordion-heading__toggle-icon\" aria-hidden=\"true\">+<\/span><\/button><\/h3>\n\n\n\n<div inert aria-labelledby=\"accordion-item-4\" data-wp-bind--inert=\"!state.isOpen\" id=\"accordion-item-4-panel\" role=\"region\" class=\"wp-block-accordion-panel is-layout-flow wp-block-accordion-panel-is-layout-flow\">\n<ul class=\"wp-block-list\">\n<li>Fehleranalyse und St\u00f6rungsbehebung<\/li>\n\n\n\n<li>Optimierung bestehender Fernwirk- und Monitoringsysteme<\/li>\n\n\n\n<li>Anpassung an neie Netzbetreiberanforderungen&nbsp;<\/li>\n<\/ul>\n<\/div>\n<\/div>\n<\/div>\n<\/div>\n\n\n\n<p><\/p>\n","protected":false},"excerpt":{"rendered":"<p>Fernwirktechnik &amp; Monitoringsysteme Wir konzipieren und implementieren Fernwirk- und Monitoringsysteme f\u00fcr PV- und Batteriespeicheranlagen (BESS) entlang des gesamten Projektverlaufs \u2013 von der Auslegung bis zur Inbetriebnahme. 1 Unser Fokus liegt auf einer zuverl\u00e4ssigen Kommunikation mit Netzbetreibern, einer stabilen Systemintegration sowie einer transparenten und \u00fcbersichtlichen Anlagen\u00fcberwachung. 2 Dabei integrieren wir alle relevanten Komponenten wie Wechselrichter, Datenlogger, &hellip; <\/p>\n<p class=\"link-more\"><a href=\"https:\/\/www.b-techsolutions.at\/?page_id=6840\" class=\"more-link\">Mehr <span class=\"screen-reader-text\">\u00fcber &#8222;Fernwirktechnik &amp; Monitoringsysteme&#8220; <\/span>Lesen<\/a><\/p>\n","protected":false},"author":1,"featured_media":0,"parent":0,"menu_order":0,"comment_status":"closed","ping_status":"closed","template":"page-templates\/full-width-no-title.php","meta":{"_themeisle_gutenberg_block_has_review":false,"inspiro_hide_title":false,"footnotes":""},"class_list":["post-6840","page","type-page","status-publish","hentry"],"featured_media_urls":[],"_links":{"self":[{"href":"https:\/\/www.b-techsolutions.at\/index.php?rest_route=\/wp\/v2\/pages\/6840","targetHints":{"allow":["GET"]}}],"collection":[{"href":"https:\/\/www.b-techsolutions.at\/index.php?rest_route=\/wp\/v2\/pages"}],"about":[{"href":"https:\/\/www.b-techsolutions.at\/index.php?rest_route=\/wp\/v2\/types\/page"}],"author":[{"embeddable":true,"href":"https:\/\/www.b-techsolutions.at\/index.php?rest_route=\/wp\/v2\/users\/1"}],"replies":[{"embeddable":true,"href":"https:\/\/www.b-techsolutions.at\/index.php?rest_route=%2Fwp%2Fv2%2Fcomments&post=6840"}],"version-history":[{"count":52,"href":"https:\/\/www.b-techsolutions.at\/index.php?rest_route=\/wp\/v2\/pages\/6840\/revisions"}],"predecessor-version":[{"id":7278,"href":"https:\/\/www.b-techsolutions.at\/index.php?rest_route=\/wp\/v2\/pages\/6840\/revisions\/7278"}],"wp:attachment":[{"href":"https:\/\/www.b-techsolutions.at\/index.php?rest_route=%2Fwp%2Fv2%2Fmedia&parent=6840"}],"curies":[{"name":"wp","href":"https:\/\/api.w.org\/{rel}","templated":true}]}}