{"id":628,"date":"2009-05-06T11:43:24","date_gmt":"2009-05-06T16:43:24","guid":{"rendered":"http:\/\/wpzoom.com\/zenko\/demo\/?page_id=3"},"modified":"2026-04-23T18:07:51","modified_gmt":"2026-04-23T16:07:51","slug":"contact","status":"publish","type":"page","link":"https:\/\/www.b-techsolutions.at\/?page_id=628","title":{"rendered":"Kontakt"},"content":{"rendered":"\n<div style=\"height:156px\" aria-hidden=\"true\" class=\"wp-block-spacer\"><\/div>\n\n\n\n<div class=\"wp-block-group has-global-padding is-layout-constrained wp-block-group-is-layout-constrained\">\n<div class=\"wp-block-columns are-vertically-aligned-top is-layout-flex wp-container-core-columns-is-layout-d7d455e7 wp-block-columns-is-layout-flex\" style=\"padding-top:0;padding-right:0;padding-bottom:0;padding-left:0\">\n<div class=\"wp-block-column is-vertically-aligned-top is-layout-flow wp-block-column-is-layout-flow\" style=\"padding-right:7%;flex-basis:50%\">\n<p class=\"has-text-color has-link-color wp-elements-6d1b5dd359efcd9a671bc003dd116d92\" style=\"color:#1b1448\">Lasssen Sie uns in Kontakt treten!<\/p>\n\n\n\n<h2 class=\"wp-block-heading has-text-color has-link-color has-large-font-size wp-elements-557b66da229211a9bbdf24f4ab6f73b5\" style=\"color:#1b1448\">Bereit, Ihr n\u00e4chstes Projekt zu starten?<\/h2>\n\n\n\n<p><strong>Jetzt starten<\/strong><br>Starten Sie Ihr Projekt mit uns \u2013 von der Planung bis zum Betrieb, zuverl\u00e4ssig und effizient.<\/p>\n\n\n\n<p><strong>Gesch\u00e4ftsf\u00fchrer<\/strong><br \/>Dipl. Ing. Blerand Berisha<\/p>\n<p><strong>Adresse<\/strong><br \/>Getreidegasse 5, 2604 Theresienfeld<\/p>\n<p><strong>Telefon<\/strong><br \/>+43 650 4100 846<\/p>\n<p><strong>E-Mail<\/strong><br \/>blerand.berisha@b-techsolutions.at<\/p>\n<\/div>\n\n\n\n<div class=\"wp-block-column is-vertically-aligned-top is-layout-flow wp-block-column-is-layout-flow\" style=\"flex-basis:50%\">\n<div id=\"wp-block-themeisle-blocks-advanced-columns-68e5a5cb\" class=\"wp-block-themeisle-blocks-advanced-columns has-1-columns has-desktop-equal-layout has-tablet-equal-layout has-mobile-equal-layout has-vertical-unset\"><div class=\"wp-block-themeisle-blocks-advanced-columns-overlay\"><\/div><div class=\"innerblocks-wrap\">\n<div id=\"wp-block-themeisle-blocks-advanced-column-6181047a\" class=\"wp-block-themeisle-blocks-advanced-column\">\n<div id=\"wp-block-themeisle-blocks-form-6b83d8bb\" class=\"wp-block-themeisle-blocks-form\" data-option-name=\"bf9b28ff82ce323187abc5d0feb0d8f07ecd8436_6b83d8bb\"><form class=\"otter-form__container\">\n<div id=\"wp-block-themeisle-blocks-form-input-d16ad23c\" class=\"wp-block-themeisle-blocks-form-input\"><label for=\"wp-block-themeisle-blocks-form-input-d16ad23c-input\" class=\"otter-form-input-label\"><span class=\"otter-form-input-label__label\">Name<\/span><span class=\"required\">*<\/span><\/label><input type=\"text\" id=\"wp-block-themeisle-blocks-form-input-d16ad23c-input\" required class=\"otter-form-input\"\/><\/div>\n\n\n\n<div id=\"wp-block-themeisle-blocks-form-input-a3c02407\" class=\"wp-block-themeisle-blocks-form-input\"><label for=\"wp-block-themeisle-blocks-form-input-a3c02407-input\" class=\"otter-form-input-label\"><span class=\"otter-form-input-label__label\">Email<\/span><span class=\"required\">*<\/span><\/label><input type=\"email\" id=\"wp-block-themeisle-blocks-form-input-a3c02407-input\" required class=\"otter-form-input\"\/><\/div>\n\n\n\n<div id=\"wp-block-themeisle-blocks-form-input-e7da35c9\" class=\"wp-block-themeisle-blocks-form-input\"><label for=\"wp-block-themeisle-blocks-form-input-e7da35c9-input\" class=\"otter-form-input-label\"><span class=\"otter-form-input-label__label\">Betreff<\/span><span class=\"required\">*<\/span><\/label><input type=\"email\" id=\"wp-block-themeisle-blocks-form-input-e7da35c9-input\" required class=\"otter-form-input\"\/><\/div>\n\n\n<div class=\"protection\" aria-hidden=\"true\"><input type=\"hidden\" id=\"wp-block-themeisle-blocks-form-6b83d8bb_nonce_field\" name=\"wp-block-themeisle-blocks-form-6b83d8bb_nonce_field\" value=\"dfe4fc621b\" \/><input type=\"hidden\" name=\"_wp_http_referer\" value=\"\/index.php?rest_route=%2Fwp%2Fv2%2Fpages%2F628\" \/><input class=\"o-anti-bot\" type=\"checkbox\"><\/div>\n\n\n<div id=\"wp-block-themeisle-blocks-form-textarea-b01cfed3\" class=\"wp-block-themeisle-blocks-form-textarea\"><label for=\"wp-block-themeisle-blocks-form-textarea-b01cfed3-input\" class=\"otter-form-textarea-label\"><span class=\"otter-form-textarea-label__label\">Nachricht<\/span><\/label><textarea id=\"wp-block-themeisle-blocks-form-textarea-b01cfed3-input\" rows=\"10\" class=\"otter-form-textarea-input\"><\/textarea><\/div>\n\n\n\n<p class=\"has-extra-small-font-size\">Mit dem Absenden dieses Formulars erkl\u00e4ren Sie sich damit einverstanden, E-Mail-Kommunikation von uns zu erhalten, und stimmen zu, dass Ihre Kontaktdaten bei uns gespeichert werden<\/p>\n<div class=\"wp-block-button\"><button class=\"wp-block-button__link\" type=\"submit\">Absenden<\/button><\/div><\/form><\/div>\n<\/div>\n<\/div><\/div>\n<\/div>\n<\/div>\n<\/div>\n\n\n\n<div class=\"wp-block-group has-global-padding is-layout-constrained wp-block-group-is-layout-constrained\">\n<div style=\"height:62px\" aria-hidden=\"true\" class=\"wp-block-spacer\"><\/div>\n\n\n\n<div style=\"height:45px\" aria-hidden=\"true\" class=\"wp-block-spacer\"><\/div>\n<\/div>\n","protected":false},"excerpt":{"rendered":"<p>Lasssen Sie uns in Kontakt treten! Bereit, Ihr n\u00e4chstes Projekt zu starten? Jetzt startenStarten Sie Ihr Projekt mit uns \u2013 von der Planung bis zum Betrieb, zuverl\u00e4ssig und effizient. Gesch\u00e4ftsf\u00fchrerDipl. Ing. Blerand Berisha AdresseGetreidegasse 5, 2604 Theresienfeld Telefon+43 650 4100 846 E-Mailblerand.berisha@b-techsolutions.at<\/p>\n","protected":false},"author":1,"featured_media":0,"parent":0,"menu_order":0,"comment_status":"closed","ping_status":"closed","template":"page-templates\/no-title.php","meta":{"_themeisle_gutenberg_block_has_review":false,"inspiro_hide_title":false,"footnotes":""},"class_list":["post-628","page","type-page","status-publish","hentry"],"featured_media_urls":[],"_links":{"self":[{"href":"https:\/\/www.b-techsolutions.at\/index.php?rest_route=\/wp\/v2\/pages\/628","targetHints":{"allow":["GET"]}}],"collection":[{"href":"https:\/\/www.b-techsolutions.at\/index.php?rest_route=\/wp\/v2\/pages"}],"about":[{"href":"https:\/\/www.b-techsolutions.at\/index.php?rest_route=\/wp\/v2\/types\/page"}],"author":[{"embeddable":true,"href":"https:\/\/www.b-techsolutions.at\/index.php?rest_route=\/wp\/v2\/users\/1"}],"replies":[{"embeddable":true,"href":"https:\/\/www.b-techsolutions.at\/index.php?rest_route=%2Fwp%2Fv2%2Fcomments&post=628"}],"version-history":[{"count":16,"href":"https:\/\/www.b-techsolutions.at\/index.php?rest_route=\/wp\/v2\/pages\/628\/revisions"}],"predecessor-version":[{"id":7331,"href":"https:\/\/www.b-techsolutions.at\/index.php?rest_route=\/wp\/v2\/pages\/628\/revisions\/7331"}],"wp:attachment":[{"href":"https:\/\/www.b-techsolutions.at\/index.php?rest_route=%2Fwp%2Fv2%2Fmedia&parent=628"}],"curies":[{"name":"wp","href":"https:\/\/api.w.org\/{rel}","templated":true}]}}