{"id":5592,"date":"2016-12-05T09:17:34","date_gmt":"2016-12-05T09:17:34","guid":{"rendered":"https:\/\/demo.wpzoom.com\/inspiro\/?page_id=5592"},"modified":"2026-04-20T12:32:15","modified_gmt":"2026-04-20T10:32:15","slug":"about","status":"publish","type":"page","link":"https:\/\/www.b-techsolutions.at\/?page_id=5592","title":{"rendered":"\u00dcber uns"},"content":{"rendered":"\n<div class=\"wp-block-group has-foreground-color has-background-background-color has-text-color has-background has-link-color wp-elements-da1789978a65f97ce2fc73e0af1d7ccc has-global-padding is-layout-constrained wp-container-core-group-is-layout-3a820303 wp-block-group-is-layout-constrained\" style=\"padding-right:var(--wp--preset--spacing--small);padding-left:var(--wp--preset--spacing--small)\">\n<div style=\"height:100px\" aria-hidden=\"true\" class=\"wp-block-spacer\"><\/div>\n\n\n\n<p><\/p>\n\n\n\n<h2 class=\"wp-block-heading has-text-align-center has-text-color has-link-color has-large-font-size wp-elements-6a168db7c77dfb6ead8f5ee9b9609a1c\" id=\"inspiro-is-a-digital-product-agency-that-focuses-on-strategy-and-design\" style=\"color:#1b1448;font-style:normal;font-weight:100\"><strong>\u00dcber B-Tech Solutions<\/strong><\/h2>\n\n\n\n<div style=\"height:21px\" aria-hidden=\"true\" class=\"wp-block-spacer\"><\/div>\n\n\n\n<div id=\"wp-block-themeisle-blocks-advanced-columns-14ed8ac7\" class=\"wp-block-themeisle-blocks-advanced-columns has-1-columns has-desktop-equal-layout has-tablet-equal-layout has-mobile-equal-layout has-vertical-unset\"><div class=\"wp-block-themeisle-blocks-advanced-columns-overlay\"><\/div><div class=\"innerblocks-wrap\">\n<div id=\"wp-block-themeisle-blocks-advanced-column-ebb1f651\" class=\"wp-block-themeisle-blocks-advanced-column\">\n<p style=\"text-align: center;\"><strong>B-Tech Solutions steht f\u00fcr technische Kompetenz mit echter Umsetzungserfahrung. Wir begleiten Projekte in den Bereichen Photovoltaik, Batteriespeicher, Fernwirktechnik und Energiesysteme mit dem Anspruch, L\u00f6sungen zu schaffen, die nicht nur geplant, sondern in der Praxis auch zuverl\u00e4ssig umgesetzt und betrieben werden k\u00f6nnen.<\/strong><\/p>\n\n\n\n<div class=\"wp-block-columns is-layout-flex wp-container-core-columns-is-layout-28f84493 wp-block-columns-is-layout-flex\">\n<div class=\"wp-block-column is-layout-flow wp-block-column-is-layout-flow\"><\/div>\n\n\n\n<div class=\"wp-block-column is-layout-flow wp-block-column-is-layout-flow\"><\/div>\n\n\n\n<div class=\"wp-block-column is-layout-flow wp-block-column-is-layout-flow\"><\/div>\n<\/div>\n<\/div>\n<\/div><\/div>\n<\/div>\n\n\n\n<div id=\"wp-block-themeisle-blocks-advanced-columns-77c70c8a\" class=\"wp-block-themeisle-blocks-advanced-columns has-1-columns has-desktop-equal-layout has-tablet-equal-layout has-mobile-collapsedRows-layout has-vertical-unset\"><div class=\"wp-block-themeisle-blocks-advanced-columns-overlay\"><\/div><div class=\"innerblocks-wrap\">\n<div id=\"wp-block-themeisle-blocks-advanced-column-adce7a18\" class=\"wp-block-themeisle-blocks-advanced-column\">\n<div style=\"height:62px\" aria-hidden=\"true\" class=\"wp-block-spacer\"><\/div>\n<\/div>\n<\/div><\/div>\n\n\n\n<div id=\"wp-block-themeisle-blocks-advanced-columns-eeb2097c\" class=\"wp-block-themeisle-blocks-advanced-columns has-1-columns has-desktop-equal-layout has-tablet-equal-layout has-mobile-collapsedRows-layout has-vertical-unset\"><div class=\"wp-block-themeisle-blocks-advanced-columns-overlay\"><\/div><div class=\"innerblocks-wrap\">\n<div id=\"wp-block-themeisle-blocks-advanced-column-17ec2708\" class=\"wp-block-themeisle-blocks-advanced-column\">\n<div class=\"wp-block-media-text is-stacked-on-mobile\"><figure class=\"wp-block-media-text__media\"><img loading=\"lazy\" decoding=\"async\" width=\"1024\" height=\"832\" src=\"http:\/\/www.b-techsolutions.at\/wp-content\/uploads\/2026\/04\/img-1024x832.jpg\" alt=\"\" class=\"wp-image-7133 size-full\" srcset=\"https:\/\/www.b-techsolutions.at\/wp-content\/uploads\/2026\/04\/img-1024x832.jpg 1024w, https:\/\/www.b-techsolutions.at\/wp-content\/uploads\/2026\/04\/img-300x244.jpg 300w, https:\/\/www.b-techsolutions.at\/wp-content\/uploads\/2026\/04\/img-2000x1625.jpg 2000w\" sizes=\"auto, (max-width: 1024px) 100vw, 1024px\" \/><\/figure><div class=\"wp-block-media-text__content\">\n<p>Unsere St\u00e4rke liegt in der Verbindung aus Planung, Inbetriebnahme und technischem Gesamtverst\u00e4ndnis. Der berufliche Hintergrund hinter B-Tech Solutions reicht von der PV-Planung \u00fcber die praktische Inbetriebnahme bis hin zur leitenden Verantwortung als Abteilungsleiter f\u00fcr Inbetriebnahme und Elektro. Diese Erfahrung \u00fcber mehrere Projektphasen hinweg erm\u00f6glicht einen Blick auf technische Herausforderungen, der deutlich weiter geht als reine Theorie oder Einzelgewerke.<\/p>\n\n\n\n<p>Projekte in Wien, Nieder\u00f6sterreich, Burgenland, der Steiermark und Ober\u00f6sterreich haben gezeigt, worauf es in der Praxis wirklich ankommt, klare technische Konzepte, saubere Abstimmungen, funktionierende Schnittstellen und L\u00f6sungen, die sowohl normgerecht als auch wirtschaftlich sinnvoll sind. Genau hier setzt B-Tech Solutions an.<\/p>\n<\/div><\/div>\n<\/div>\n<\/div><\/div>\n\n\n\n<div class=\"wp-block-media-text has-media-on-the-right is-stacked-on-mobile\"><div class=\"wp-block-media-text__content\">\n<p><\/p>\n\n\n\n<p>Wir verstehen uns nicht nur als technischer Dienstleister, sondern als verl\u00e4sslicher Partner, der Projekte mitdenkt, strukturiert begleitet und auch dort unterst\u00fctzt, wo Erfahrung, Genauigkeit und technische Verantwortung entscheidend sind. Was uns auszeichnet, ist die Kombination aus fachlicher Tiefe, praktischer Erfahrung und einem klaren Fokus auf realistische, funktionierende L\u00f6sungen.<\/p>\n\n\n\n<p>B-Tech Solutions ist die richtige Wahl f\u00fcr Unternehmen, die einen Partner suchen, der Technik versteht, Umsetzung mitdenkt und Projekte mit hoher Qualit\u00e4t und pers\u00f6nlichem Einsatz begleitet.<\/p>\n<\/div><figure class=\"wp-block-media-text__media\"><img loading=\"lazy\" decoding=\"async\" width=\"1024\" height=\"819\" src=\"http:\/\/www.b-techsolutions.at\/wp-content\/uploads\/2026\/04\/obenh-1024x819.jpeg\" alt=\"\" class=\"wp-image-6994 size-full\" srcset=\"https:\/\/www.b-techsolutions.at\/wp-content\/uploads\/2026\/04\/obenh-1024x819.jpeg 1024w, https:\/\/www.b-techsolutions.at\/wp-content\/uploads\/2026\/04\/obenh-300x240.jpeg 300w, https:\/\/www.b-techsolutions.at\/wp-content\/uploads\/2026\/04\/obenh.jpeg 1600w\" sizes=\"auto, (max-width: 1024px) 100vw, 1024px\" \/><\/figure><\/div>\n\n\n\n<div style=\"height:59px\" aria-hidden=\"true\" class=\"wp-block-spacer\"><\/div>\n\n\n\n<div style=\"height:100px\" aria-hidden=\"true\" class=\"wp-block-spacer\"><\/div>\n\n\n\n<div class=\"wp-block-group alignfull has-background has-global-padding is-layout-constrained wp-container-core-group-is-layout-023ea4cb wp-block-group-is-layout-constrained\" style=\"border-style:none;border-width:0px;background-color:#1b1448;min-height:0px;padding-top:var(--wp--preset--spacing--x-small);padding-right:0;padding-bottom:var(--wp--preset--spacing--x-small);padding-left:0\">\n<div class=\"wp-block-columns are-vertically-aligned-center is-layout-flex wp-container-core-columns-is-layout-28f84493 wp-block-columns-is-layout-flex\">\n<div class=\"wp-block-column is-vertically-aligned-center is-layout-flow wp-block-column-is-layout-flow\" style=\"padding-top:20px;padding-right:0px;padding-bottom:20px;padding-left:0px\">\n<div class=\"wp-block-group is-content-justification-space-between is-nowrap is-layout-flex wp-container-core-group-is-layout-bb3dfb5c wp-block-group-is-layout-flex\">\n<figure class=\"wp-block-image size-full\"><img decoding=\"async\" src=\"https:\/\/demo.wpzoom.com\/inspiro-lite-blocks-xml\/wp-content\/themes\/inspiro-lite\/assets\/images\/laurel_left.png\" alt=\"\"\/><\/figure>\n\n\n\n<div class=\"wp-block-group is-layout-flow wp-block-group-is-layout-flow\">\n<p class=\"has-text-align-center has-white-color has-text-color\" style=\"font-size:clamp(14px, 0.875rem + ((1vw - 3.2px) * 0.354), 18px);line-height:1\">Engineering<\/p>\n<\/div>\n\n\n\n<figure class=\"wp-block-image size-full\"><img decoding=\"async\" src=\"https:\/\/demo.wpzoom.com\/inspiro-lite-blocks-xml\/wp-content\/themes\/inspiro-lite\/assets\/images\/laurel_right.png\" alt=\"\"\/><\/figure>\n<\/div>\n<\/div>\n\n\n\n<div class=\"wp-block-column is-vertically-aligned-center is-layout-flow wp-block-column-is-layout-flow\" style=\"padding-top:20px;padding-right:0px;padding-bottom:20px;padding-left:0px\">\n<div class=\"wp-block-group is-content-justification-space-between is-nowrap is-layout-flex wp-container-core-group-is-layout-bb3dfb5c wp-block-group-is-layout-flex\">\n<figure class=\"wp-block-image size-full\"><img decoding=\"async\" src=\"https:\/\/demo.wpzoom.com\/inspiro-lite-blocks-xml\/wp-content\/themes\/inspiro-lite\/assets\/images\/laurel_left.png\" alt=\"\"\/><\/figure>\n\n\n\n<div class=\"wp-block-group is-layout-flow wp-block-group-is-layout-flow\">\n<p class=\"has-text-align-center has-white-color has-text-color\" style=\"font-size:clamp(14px, 0.875rem + ((1vw - 3.2px) * 0.354), 18px);line-height:1\">Umsetzung<\/p>\n<\/div>\n\n\n\n<figure class=\"wp-block-image size-full\"><img decoding=\"async\" src=\"https:\/\/demo.wpzoom.com\/inspiro-lite-blocks-xml\/wp-content\/themes\/inspiro-lite\/assets\/images\/laurel_right.png\" alt=\"\"\/><\/figure>\n<\/div>\n<\/div>\n\n\n\n<div class=\"wp-block-column is-vertically-aligned-center is-layout-flow wp-block-column-is-layout-flow\" style=\"padding-top:20px;padding-right:0px;padding-bottom:20px;padding-left:0px\">\n<div class=\"wp-block-group is-content-justification-space-between is-nowrap is-layout-flex wp-container-core-group-is-layout-bb3dfb5c wp-block-group-is-layout-flex\">\n<figure class=\"wp-block-image size-full\"><img decoding=\"async\" src=\"https:\/\/demo.wpzoom.com\/inspiro-lite-blocks-xml\/wp-content\/themes\/inspiro-lite\/assets\/images\/laurel_left.png\" alt=\"\"\/><\/figure>\n\n\n\n<div class=\"wp-block-group is-layout-flow wp-block-group-is-layout-flow\">\n<p class=\"has-text-align-center has-white-color has-text-color\" style=\"font-size:clamp(14px, 0.875rem + ((1vw - 3.2px) * 0.354), 18px);line-height:1\">Performance<\/p>\n<\/div>\n\n\n\n<figure class=\"wp-block-image size-full\"><img decoding=\"async\" src=\"https:\/\/demo.wpzoom.com\/inspiro-lite-blocks-xml\/wp-content\/themes\/inspiro-lite\/assets\/images\/laurel_right.png\" alt=\"\"\/><\/figure>\n<\/div>\n<\/div>\n<\/div>\n<\/div>\n\n\n\n<p><\/p>\n","protected":false},"excerpt":{"rendered":"<p>\u00dcber B-Tech Solutions Wir verstehen uns nicht nur als technischer Dienstleister, sondern als verl\u00e4sslicher Partner, der Projekte mitdenkt, strukturiert begleitet und auch dort unterst\u00fctzt, wo Erfahrung, Genauigkeit und technische Verantwortung entscheidend sind. Was uns auszeichnet, ist die Kombination aus fachlicher Tiefe, praktischer Erfahrung und einem klaren Fokus auf realistische, funktionierende L\u00f6sungen. B-Tech Solutions ist die &hellip; <\/p>\n<p class=\"link-more\"><a href=\"https:\/\/www.b-techsolutions.at\/?page_id=5592\" class=\"more-link\">Mehr <span class=\"screen-reader-text\">\u00fcber &#8222;\u00dcber uns&#8220; <\/span>Lesen<\/a><\/p>\n","protected":false},"author":1,"featured_media":0,"parent":0,"menu_order":0,"comment_status":"closed","ping_status":"closed","template":"page-templates\/full-width-no-title.php","meta":{"_themeisle_gutenberg_block_has_review":false,"inspiro_hide_title":false,"footnotes":""},"class_list":["post-5592","page","type-page","status-publish","hentry"],"featured_media_urls":[],"_links":{"self":[{"href":"https:\/\/www.b-techsolutions.at\/index.php?rest_route=\/wp\/v2\/pages\/5592","targetHints":{"allow":["GET"]}}],"collection":[{"href":"https:\/\/www.b-techsolutions.at\/index.php?rest_route=\/wp\/v2\/pages"}],"about":[{"href":"https:\/\/www.b-techsolutions.at\/index.php?rest_route=\/wp\/v2\/types\/page"}],"author":[{"embeddable":true,"href":"https:\/\/www.b-techsolutions.at\/index.php?rest_route=\/wp\/v2\/users\/1"}],"replies":[{"embeddable":true,"href":"https:\/\/www.b-techsolutions.at\/index.php?rest_route=%2Fwp%2Fv2%2Fcomments&post=5592"}],"version-history":[{"count":36,"href":"https:\/\/www.b-techsolutions.at\/index.php?rest_route=\/wp\/v2\/pages\/5592\/revisions"}],"predecessor-version":[{"id":7200,"href":"https:\/\/www.b-techsolutions.at\/index.php?rest_route=\/wp\/v2\/pages\/5592\/revisions\/7200"}],"wp:attachment":[{"href":"https:\/\/www.b-techsolutions.at\/index.php?rest_route=%2Fwp%2Fv2%2Fmedia&parent=5592"}],"curies":[{"name":"wp","href":"https:\/\/api.w.org\/{rel}","templated":true}]}}